{"id":977,"date":"2010-02-17T08:29:53","date_gmt":"2010-02-17T06:29:53","guid":{"rendered":"http:\/\/www.irreel.org\/blog\/?page_id=977"},"modified":"2022-12-16T05:33:48","modified_gmt":"2022-12-16T04:33:48","slug":"compositions-musicales","status":"publish","type":"page","link":"https:\/\/www.irreel.ch\/blog\/musique\/compositions-musicales\/","title":{"rendered":"Compositions musicales"},"content":{"rendered":"\n<p>Daniel Dominique Ren\u00e9 Thomas<br>Compositions musicales (extraits de partitions, extraits sonores)<\/p>\n\n\n\n<p>Composition<\/p>\n\n\n\n<p>Daniel D. R. Thomas a \u00e9tudi\u00e9 avec le compositeur roumain Lucian Metianu. Il \u00e9crit dans un style proche de la peinture, par couleurs sonores, pour diff\u00e9rents ensembles ou pour instruments solo comme la guitare, le carillon ou le piano, paysages et impressions musicales, avec, par exemple, en 2011, la cr\u00e9ation de son quatuor \u00ab&nbsp;<a rel=\"noreferrer noopener\" href=\"https:\/\/www.irreel.ch\/blog\/quatuor-a-cordes\/\" target=\"_blank\">Jeux et dialogues<\/a>&nbsp;\u00bb par le quatuor Terpsycordes.<\/p>\n\n\n\n<p><a href=\"https:\/\/www.irreel.ch\/blog\/sujet\/musique\/composition\/\">https:\/\/www.irreel.ch\/blog\/sujet\/musique\/composition\/<\/a><\/p>\n\n\n<div id=\"pl-gb977-6a02c87011856\"  class=\"panel-layout\" ><div id=\"pg-gb977-6a02c87011856-0\"  class=\"panel-grid panel-no-style\" ><div id=\"pgc-gb977-6a02c87011856-0-0\"  class=\"panel-grid-cell\" ><div id=\"panel-gb977-6a02c87011856-0-0-0\" class=\"so-panel widget widget_nav_menu panel-first-child panel-last-child\" data-index=\"0\" ><h3 class=\"widget-title\">Index des compositions musicales<\/h3><div class=\"menu-compositions-musicales-container\"><ul id=\"menu-compositions-musicales\" class=\"menu\"><li id=\"menu-item-6251\" class=\"menu-item menu-item-type-post_type menu-item-object-post menu-item-6251\"><a href=\"https:\/\/www.irreel.ch\/blog\/symphonie-le-lac-leman\/\">Esquisse symphonique \/ Le Lac L\u00e9man<\/a><\/li>\n<li id=\"menu-item-6278\" class=\"menu-item menu-item-type-post_type menu-item-object-post menu-item-6278\"><a href=\"https:\/\/www.irreel.ch\/blog\/symphonie-lete\/\">Esquisse symphonique \/ L&rsquo;\u00e9t\u00e9<\/a><\/li>\n<li id=\"menu-item-6080\" class=\"menu-item menu-item-type-post_type menu-item-object-post menu-item-6080\"><a href=\"https:\/\/www.irreel.ch\/blog\/piano-et-percussions-fantaisie-aquatique\/\">Piano et percussions \/ Fantaisie aquatique<\/a><\/li>\n<li id=\"menu-item-6090\" class=\"menu-item menu-item-type-post_type menu-item-object-post menu-item-6090\"><a href=\"https:\/\/www.irreel.ch\/blog\/piano-et-percussions-en-bateau\/\">Piano et percussions \/ En bateau<\/a><\/li>\n<li id=\"menu-item-6569\" class=\"menu-item menu-item-type-post_type menu-item-object-post menu-item-6569\"><a href=\"https:\/\/www.irreel.ch\/blog\/regard-interieur-pour-violoncelle-et-piano\/\">Violoncelle et piano \/ Regard int\u00e9rieur<\/a><\/li>\n<li id=\"menu-item-6098\" class=\"menu-item menu-item-type-post_type menu-item-object-post menu-item-6098\"><a href=\"https:\/\/www.irreel.ch\/blog\/trio-flute-piano-percussion-passages-ailes\/\">Trio Fl\u00fbte Piano Percussion \/ Passages ail\u00e9s<\/a><\/li>\n<li id=\"menu-item-6105\" class=\"menu-item menu-item-type-post_type menu-item-object-post menu-item-6105\"><a href=\"https:\/\/www.irreel.ch\/blog\/flutes-en-duo-paroles-non-entendues\/\">Fl\u00fbtes en duo \/ Paroles non entendues<\/a><\/li>\n<li id=\"menu-item-6110\" class=\"menu-item menu-item-type-post_type menu-item-object-post menu-item-6110\"><a href=\"https:\/\/www.irreel.ch\/blog\/flute-solo-portes-en-ciel-arc-nuees\/\">Fl\u00fbte solo \/ Portes en ciel, arc, nu\u00e9es<\/a><\/li>\n<li id=\"menu-item-6289\" class=\"menu-item menu-item-type-post_type menu-item-object-post menu-item-6289\"><a href=\"https:\/\/www.irreel.ch\/blog\/flutes-en-duo-promenade-au-milieu-de-leau\/\">Fl\u00fbtes \/ Promenade au milieu de l&rsquo;eau<\/a><\/li>\n<\/ul><\/div><\/div><\/div><div id=\"pgc-gb977-6a02c87011856-0-1\"  class=\"panel-grid-cell\" ><div id=\"panel-gb977-6a02c87011856-0-1-0\" class=\"so-panel widget widget_nav_menu panel-first-child panel-last-child\" data-index=\"1\" ><h3 class=\"widget-title\">Suite<\/h3><div class=\"menu-composition-musicales-2-container\"><ul id=\"menu-composition-musicales-2\" class=\"menu\"><li id=\"menu-item-6290\" class=\"menu-item menu-item-type-post_type menu-item-object-post menu-item-6290\"><a href=\"https:\/\/www.irreel.ch\/blog\/quatuor-a-cordes\/\">Quatuor \u00e0 cordes \/ Jeux et dialogues<\/a><\/li>\n<li id=\"menu-item-6312\" class=\"menu-item menu-item-type-post_type menu-item-object-post menu-item-6312\"><a href=\"https:\/\/www.irreel.ch\/blog\/quatuor-a-cordes-animaux\/\">Quatuor \u00e0 cordes \/ Animaux<\/a><\/li>\n<li id=\"menu-item-6298\" class=\"menu-item menu-item-type-post_type menu-item-object-post menu-item-6298\"><a href=\"https:\/\/www.irreel.ch\/blog\/septuor-le-leman\/\">Septuor \/ Le L\u00e9man<\/a><\/li>\n<li id=\"menu-item-6693\" class=\"menu-item menu-item-type-post_type menu-item-object-post menu-item-6693\"><a href=\"https:\/\/www.irreel.ch\/blog\/alto-viola-danses-croisees\/\">Alto viola \/ danses crois\u00e9es<\/a><\/li>\n<li id=\"menu-item-6234\" class=\"menu-item menu-item-type-post_type menu-item-object-post menu-item-6234\"><a href=\"https:\/\/www.irreel.ch\/blog\/guitare-mysteres-en-par-dessous\/\">Guitare \/ Myst\u00e8res en par-dessous<\/a><\/li>\n<li id=\"menu-item-6235\" class=\"menu-item menu-item-type-post_type menu-item-object-post menu-item-6235\"><a href=\"https:\/\/www.irreel.ch\/blog\/guitare-jeux-et-contours\/\">Guitare \/ Jeux et contours<\/a><\/li>\n<li id=\"menu-item-6237\" class=\"menu-item menu-item-type-post_type menu-item-object-post menu-item-6237\"><a href=\"https:\/\/www.irreel.ch\/blog\/guitare-passages-et-mysteres\/\">Guitare \/ Passages et myst\u00e8res<\/a><\/li>\n<li id=\"menu-item-6303\" class=\"menu-item menu-item-type-post_type menu-item-object-post menu-item-6303\"><a href=\"https:\/\/www.irreel.ch\/blog\/piano-variations\/\">Piano \/ Variations<\/a><\/li>\n<li id=\"menu-item-6236\" class=\"menu-item menu-item-type-post_type menu-item-object-post menu-item-6236\"><a href=\"https:\/\/www.irreel.ch\/blog\/page-facebook-compositions-musicales\/\">Page facebook: Compositions musicales<\/a><\/li>\n<\/ul><\/div><\/div><\/div><\/div><\/div>\n\n\n<div class=\"powr-social-feed\" id=\"7cf51df9_1586679787\"><\/div><script src=\"https:\/\/www.powr.io\/powr.js?platform=wordpress\"><\/script>\n\n\n\n<p><br>Suivez-nous sur notre page des compositions musicales : <a href=\"https:\/\/www.facebook.com\/DanielThomasCompositions\">https:\/\/www.facebook.com\/DanielThomasCompositions<\/a><\/p>\n\n\n\n<div class=\"powr-social-feed\" id=\"7afad675_1671165039\"><\/div><script src=\"https:\/\/www.powr.io\/powr.js?platform=html\"><\/script>\n","protected":false},"excerpt":{"rendered":"<p>Daniel Dominique Ren\u00e9 ThomasCompositions musicales (extraits de partitions, extraits sonores) Composition Daniel D. R. Thomas a \u00e9tudi\u00e9 avec le compositeur roumain Lucian Metianu. Il \u00e9crit dans un style proche de la peinture, par couleurs&#46;&#46;&#46;<\/p>\n","protected":false},"author":5,"featured_media":0,"parent":48,"menu_order":840,"comment_status":"open","ping_status":"closed","template":"","meta":{"sfsi_plus_gutenberg_text_before_share":"","sfsi_plus_gutenberg_show_text_before_share":"","sfsi_plus_gutenberg_icon_type":"","sfsi_plus_gutenberg_icon_alignemt":"","sfsi_plus_gutenburg_max_per_row":"","_EventAllDay":false,"_EventTimezone":"","_EventStartDate":"","_EventEndDate":"","_EventStartDateUTC":"","_EventEndDateUTC":"","_EventShowMap":false,"_EventShowMapLink":false,"_EventURL":"","_EventCost":"","_EventCostDescription":"","_EventCurrencySymbol":"","_EventCurrencyCode":"","_EventCurrencyPosition":"","_EventDateTimeSeparator":"","_EventTimeRangeSeparator":"","_EventOrganizerID":[],"_EventVenueID":[],"_OrganizerEmail":"","_OrganizerPhone":"","_OrganizerWebsite":"","_VenueAddress":"","_VenueCity":"","_VenueCountry":"","_VenueProvince":"","_VenueState":"","_VenueZip":"","_VenuePhone":"","_VenueURL":"","_VenueStateProvince":"","_VenueLat":"","_VenueLng":"","_VenueShowMap":false,"_VenueShowMapLink":false,"footnotes":""},"class_list":["post-977","page","type-page","status-publish","hentry"],"_links":{"self":[{"href":"https:\/\/www.irreel.ch\/blog\/wp-json\/wp\/v2\/pages\/977","targetHints":{"allow":["GET"]}}],"collection":[{"href":"https:\/\/www.irreel.ch\/blog\/wp-json\/wp\/v2\/pages"}],"about":[{"href":"https:\/\/www.irreel.ch\/blog\/wp-json\/wp\/v2\/types\/page"}],"author":[{"embeddable":true,"href":"https:\/\/www.irreel.ch\/blog\/wp-json\/wp\/v2\/users\/5"}],"replies":[{"embeddable":true,"href":"https:\/\/www.irreel.ch\/blog\/wp-json\/wp\/v2\/comments?post=977"}],"version-history":[{"count":41,"href":"https:\/\/www.irreel.ch\/blog\/wp-json\/wp\/v2\/pages\/977\/revisions"}],"predecessor-version":[{"id":6830,"href":"https:\/\/www.irreel.ch\/blog\/wp-json\/wp\/v2\/pages\/977\/revisions\/6830"}],"up":[{"embeddable":true,"href":"https:\/\/www.irreel.ch\/blog\/wp-json\/wp\/v2\/pages\/48"}],"wp:attachment":[{"href":"https:\/\/www.irreel.ch\/blog\/wp-json\/wp\/v2\/media?parent=977"}],"curies":[{"name":"wp","href":"https:\/\/api.w.org\/{rel}","templated":true}]}}