{"id":6188,"date":"2020-03-20T19:46:34","date_gmt":"2020-03-20T17:46:34","guid":{"rendered":"http:\/\/www.irreel.ch\/blog\/?page_id=6188"},"modified":"2022-12-16T05:37:28","modified_gmt":"2022-12-16T04:37:28","slug":"improvisation-musicale","status":"publish","type":"page","link":"https:\/\/www.irreel.ch\/blog\/musique\/improvisation-musicale\/","title":{"rendered":"Improvisation musicale"},"content":{"rendered":"\n<p>Improviser, imaginer, vivre en musique:<\/p>\n\n\n\n<p>Improvisation et piano<\/p>\n\n\n\n<p>Dans les concerts, \u00e0 c\u00f4t\u00e9 de pi\u00e8ces du r\u00e9pertoire, Daniel D. R. Thomas&nbsp;improvise des musiques&nbsp;inspir\u00e9es de ph\u00e9nom\u00e8nes naturels, paysages, montagnes, lacs, jeux d\u2019eaux, fleurs, oiseaux, portraits. Il aime le c\u00f4t\u00e9 vivant et instantan\u00e9 de l\u2019improvisation qui capte l\u2019atmosph\u00e8re de l\u2019instant. Il appr\u00e9cie surtout les nuances du piano et du carillon pour l\u2019improvisation, et aime aussi beaucoup improviser en duo&nbsp;<a rel=\"noreferrer noopener\" href=\"https:\/\/www.irreel.ch\/blog\/improvisation-chant-et-piano\/\" target=\"_blank\">piano avec chant<\/a>&nbsp;sur des po\u00e8mes.<\/p>\n\n\n\n<p>Derniers articles \u00ab&nbsp;improvisation&nbsp;\u00bb du site irreel.org:<br><a href=\"https:\/\/www.irreel.ch\/blog\/sujet\/musique\/improvisation\/\">https:\/\/www.irreel.ch\/blog\/sujet\/musique\/improvisation\/<\/a><\/p>\n\n\n\n<div class=\"powr-social-feed\" id=\"7afad675_1671165039\"><\/div><script src=\"https:\/\/www.powr.io\/powr.js?platform=html\"><\/script>\n","protected":false},"excerpt":{"rendered":"<p>Improviser, imaginer, vivre en musique: Improvisation et piano Dans les concerts, \u00e0 c\u00f4t\u00e9 de pi\u00e8ces du r\u00e9pertoire, Daniel D. R. Thomas&nbsp;improvise des musiques&nbsp;inspir\u00e9es de ph\u00e9nom\u00e8nes naturels, paysages, montagnes, lacs, jeux d\u2019eaux, fleurs, oiseaux, portraits.&#46;&#46;&#46;<\/p>\n","protected":false},"author":191,"featured_media":0,"parent":48,"menu_order":0,"comment_status":"closed","ping_status":"closed","template":"","meta":{"sfsi_plus_gutenberg_text_before_share":"","sfsi_plus_gutenberg_show_text_before_share":"","sfsi_plus_gutenberg_icon_type":"","sfsi_plus_gutenberg_icon_alignemt":"","sfsi_plus_gutenburg_max_per_row":"","_EventAllDay":false,"_EventTimezone":"","_EventStartDate":"","_EventEndDate":"","_EventStartDateUTC":"","_EventEndDateUTC":"","_EventShowMap":false,"_EventShowMapLink":false,"_EventURL":"","_EventCost":"","_EventCostDescription":"","_EventCurrencySymbol":"","_EventCurrencyCode":"","_EventCurrencyPosition":"","_EventDateTimeSeparator":"","_EventTimeRangeSeparator":"","_EventOrganizerID":[],"_EventVenueID":[],"_OrganizerEmail":"","_OrganizerPhone":"","_OrganizerWebsite":"","_VenueAddress":"","_VenueCity":"","_VenueCountry":"","_VenueProvince":"","_VenueState":"","_VenueZip":"","_VenuePhone":"","_VenueURL":"","_VenueStateProvince":"","_VenueLat":"","_VenueLng":"","_VenueShowMap":false,"_VenueShowMapLink":false,"footnotes":""},"class_list":["post-6188","page","type-page","status-publish","hentry"],"_links":{"self":[{"href":"https:\/\/www.irreel.ch\/blog\/wp-json\/wp\/v2\/pages\/6188","targetHints":{"allow":["GET"]}}],"collection":[{"href":"https:\/\/www.irreel.ch\/blog\/wp-json\/wp\/v2\/pages"}],"about":[{"href":"https:\/\/www.irreel.ch\/blog\/wp-json\/wp\/v2\/types\/page"}],"author":[{"embeddable":true,"href":"https:\/\/www.irreel.ch\/blog\/wp-json\/wp\/v2\/users\/191"}],"replies":[{"embeddable":true,"href":"https:\/\/www.irreel.ch\/blog\/wp-json\/wp\/v2\/comments?post=6188"}],"version-history":[{"count":6,"href":"https:\/\/www.irreel.ch\/blog\/wp-json\/wp\/v2\/pages\/6188\/revisions"}],"predecessor-version":[{"id":6832,"href":"https:\/\/www.irreel.ch\/blog\/wp-json\/wp\/v2\/pages\/6188\/revisions\/6832"}],"up":[{"embeddable":true,"href":"https:\/\/www.irreel.ch\/blog\/wp-json\/wp\/v2\/pages\/48"}],"wp:attachment":[{"href":"https:\/\/www.irreel.ch\/blog\/wp-json\/wp\/v2\/media?parent=6188"}],"curies":[{"name":"wp","href":"https:\/\/api.w.org\/{rel}","templated":true}]}}