{"id":5970,"date":"2019-09-13T22:36:22","date_gmt":"2019-09-13T20:36:22","guid":{"rendered":"http:\/\/www.irreel.ch\/blog\/?page_id=5970"},"modified":"2020-03-21T13:22:45","modified_gmt":"2020-03-21T11:22:45","slug":"pages","status":"publish","type":"page","link":"https:\/\/www.irreel.ch\/blog\/articles\/pages\/","title":{"rendered":"Pages"},"content":{"rendered":"\n<!-- begin list -->\n<div id=\"mcTagMap\" class=\" toggleNo  no\">\n<div class=\"holdinner\">\n<div class=\"responsive\">\n\n<div class=\"tagindex\">\n<h4 id=\"mctm1-A\">A<\/h4>\n<ul class=\"links\">\n<li><a title=\"Agenda\" href=\"https:\/\/www.irreel.ch\/blog\/agenda\/\">Agenda <\/a><span class=\"tagDescription\"><\/span><\/li>\n<li><a title=\"Allemand\" href=\"https:\/\/www.irreel.ch\/blog\/langues\/allemand\/\">Allemand <\/a><span class=\"tagDescription\"><\/span><\/li>\n<li><a title=\"Anglais\" href=\"https:\/\/www.irreel.ch\/blog\/langues\/anglais\/\">Anglais <\/a><span class=\"tagDescription\"><\/span><\/li>\n<li><a title=\"Aquarelles\" href=\"https:\/\/www.irreel.ch\/blog\/peinture\/aquarelles\/\">Aquarelles <\/a><span class=\"tagDescription\"><\/span><\/li>\n<li><a title=\"Arrangements et variations\" href=\"https:\/\/www.irreel.ch\/blog\/musique\/arrangements-et-variations\/\">Arrangements et variations <\/a><span class=\"tagDescription\"><\/span><\/li>\n<li><a title=\"Articles\" href=\"https:\/\/www.irreel.ch\/blog\/articles\/\">Articles <\/a><span class=\"tagDescription\"><\/span><\/li>\n<li><a title=\"Articles\" href=\"https:\/\/www.irreel.ch\/blog\/poesie\/articles\/\">Articles <\/a><span class=\"tagDescription\"><\/span><\/li>\n<li><a title=\"Audio\" href=\"https:\/\/www.irreel.ch\/blog\/plan\/audio\/\">Audio <\/a><span class=\"tagDescription\"><\/span><\/li>\n<\/ul>\n<\/div>\n<div class=\"tagindex\">\n<h4 id=\"mctm1-B\">B<\/h4>\n<ul class=\"links\">\n<li><a title=\"Bourgeons de fruits\" href=\"https:\/\/www.irreel.ch\/blog\/jardin-2\/bourgeons-de-fruits\/\">Bourgeons de fruits <\/a><span class=\"tagDescription\"><\/span><\/li>\n<\/ul>\n<\/div>\n<div class=\"tagindex\">\n<h4 id=\"mctm1-C\">C<\/h4>\n<ul class=\"links\">\n<li><a title=\"Carillon\" href=\"https:\/\/www.irreel.ch\/blog\/voix\/carillon\/\">Carillon <\/a><span class=\"tagDescription\"><\/span><\/li>\n<li><a title=\"Cat\u00e9gories\" href=\"https:\/\/www.irreel.ch\/blog\/plan\/categories\/\">Cat\u00e9gories <\/a><span class=\"tagDescription\"><\/span><\/li>\n<li><a title=\"Clavecin\" href=\"https:\/\/www.irreel.ch\/blog\/voix\/clavecin\/\">Clavecin <\/a><span class=\"tagDescription\"><\/span><\/li>\n<li><a title=\"Compositions musicales\" href=\"https:\/\/www.irreel.ch\/blog\/musique\/compositions-musicales\/\">Compositions musicales <\/a><span class=\"tagDescription\"><\/span><\/li>\n<li><a title=\"Contact\" href=\"https:\/\/www.irreel.ch\/blog\/plan\/contact\/\">Contact <\/a><span class=\"tagDescription\"><\/span><\/li>\n<li><a title=\"Cordes\" href=\"https:\/\/www.irreel.ch\/blog\/voix\/violon\/\">Cordes <\/a><span class=\"tagDescription\"><\/span><\/li>\n<li><a title=\"Curriculum de l'Auteur\" href=\"https:\/\/www.irreel.ch\/blog\/agenda\/curriculum-de-lauteur\/\">Curriculum de l'Auteur <\/a><span class=\"tagDescription\"><\/span><\/li>\n<li><a title=\"Curriculum de l'auteur\" href=\"https:\/\/www.irreel.ch\/blog\/plan\/curriculum-de-lauteur\/\">Curriculum de l'auteur <\/a><span class=\"tagDescription\"><\/span><\/li>\n<\/ul>\n<\/div>\n<div class=\"tagindex\">\n<h4 id=\"mctm1-D\">D<\/h4>\n<ul class=\"links\">\n<li><a title=\"Danse\" href=\"https:\/\/www.irreel.ch\/blog\/musique\/danse\/\">Danse <\/a><span class=\"tagDescription\"><\/span><\/li>\n<li><a title=\"D\u00e9coupages et collages\" href=\"https:\/\/www.irreel.ch\/blog\/peinture\/decoupages-et-collages\/\">D\u00e9coupages et collages <\/a><span class=\"tagDescription\"><\/span><\/li>\n<li><a title=\"Dessins\" href=\"https:\/\/www.irreel.ch\/blog\/peinture\/dessins\/\">Dessins <\/a><span class=\"tagDescription\"><\/span><\/li>\n<\/ul>\n<\/div>\n<div class=\"tagindex\">\n<h4 id=\"mctm1-E\">E<\/h4>\n<ul class=\"links\">\n<li><a title=\"Espagnol\" href=\"https:\/\/www.irreel.ch\/blog\/langues\/espagnol\/\">Espagnol <\/a><span class=\"tagDescription\"><\/span><\/li>\n<li><a title=\"Essais comptes rendus\" href=\"https:\/\/www.irreel.ch\/blog\/poesie\/essais-comptes-rendus\/\">Essais comptes rendus <\/a><span class=\"tagDescription\"><\/span><\/li>\n<li><a title=\"Essais po\u00e9tiques\" href=\"https:\/\/www.irreel.ch\/blog\/poesie\/essais-poetiques\/\">Essais po\u00e9tiques <\/a><span class=\"tagDescription\"><\/span><\/li>\n<li><a title=\"Essais r\u00e9flexion\" href=\"https:\/\/www.irreel.ch\/blog\/poesie\/essais-reflexion\/\">Essais r\u00e9flexion <\/a><span class=\"tagDescription\"><\/span><\/li>\n<li><a title=\"Expositions\" href=\"https:\/\/www.irreel.ch\/blog\/peinture\/expositions\/\">Expositions <\/a><span class=\"tagDescription\"><\/span><\/li>\n<\/ul>\n<\/div>\n<div class=\"tagindex\">\n<h4 id=\"mctm1-F\">F<\/h4>\n<ul class=\"links\">\n<li><a title=\"Feuilles de fruits\" href=\"https:\/\/www.irreel.ch\/blog\/jardin-2\/feuilles-de-fruits\/\">Feuilles de fruits <\/a><span class=\"tagDescription\"><\/span><\/li>\n<li><a title=\"Fleurs de fruitiers\" href=\"https:\/\/www.irreel.ch\/blog\/jardin-2\/fleurs-de-fruitiers\/\">Fleurs de fruitiers <\/a><span class=\"tagDescription\"><\/span><\/li>\n<li><a title=\"Fl\u00fbtes\" href=\"https:\/\/www.irreel.ch\/blog\/voix\/flute-traversiere\/\">Fl\u00fbtes <\/a><span class=\"tagDescription\"><\/span><\/li>\n<li><a title=\"Fruits \u00e0 croquer\" href=\"https:\/\/www.irreel.ch\/blog\/jardin-2\/fruits\/\">Fruits \u00e0 croquer <\/a><span class=\"tagDescription\"><\/span><\/li>\n<\/ul>\n<\/div>\n<div class=\"tagindex\">\n<h4 id=\"mctm1-G\">G<\/h4>\n<ul class=\"links\">\n<li><a title=\"Guitare\" href=\"https:\/\/www.irreel.ch\/blog\/voix\/guitare\/\">Guitare <\/a><span class=\"tagDescription\"><\/span><\/li>\n<\/ul>\n<\/div>\n<div class=\"tagindex\">\n<h4 id=\"mctm1-H\">H<\/h4>\n<ul class=\"links\">\n<li><a title=\"Hollandais\" href=\"https:\/\/www.irreel.ch\/blog\/langues\/hollandais\/\">Hollandais <\/a><span class=\"tagDescription\"><\/span><\/li>\n<\/ul>\n<\/div>\n<div class=\"tagindex\">\n<h4 id=\"mctm1-I\">I<\/h4>\n<ul class=\"links\">\n<li><a title=\"Impressions monotypes\" href=\"https:\/\/www.irreel.ch\/blog\/peinture\/monotypes\/\">Impressions monotypes <\/a><span class=\"tagDescription\">Monotypes, myst\u00e8re des \u00e9v\u00e9nements picturaux, Magie de la d\u00e9couverte, impressions uniques, \u00e0 chaque lev\u00e9e de feuille, un myst\u00e8re de la naissance.<\/span><\/li>\n<li><a title=\"Improvisation musicale\" href=\"https:\/\/www.irreel.ch\/blog\/musique\/improvisation-musicale\/\">Improvisation musicale <\/a><span class=\"tagDescription\"><\/span><\/li>\n<li><a title=\"Italien\" href=\"https:\/\/www.irreel.ch\/blog\/langues\/italien\/\">Italien <\/a><span class=\"tagDescription\"><\/span><\/li>\n<\/ul>\n<\/div>\n<div class=\"tagindex\">\n<h4 id=\"mctm1-J\">J<\/h4>\n<ul class=\"links\">\n<li><a title=\"Jardin\" href=\"https:\/\/www.irreel.ch\/blog\/jardin-2\/\">Jardin <\/a><span class=\"tagDescription\"><\/span><\/li>\n<\/ul>\n<\/div>\n<div class=\"tagindex\">\n<h4 id=\"mctm1-L\">L<\/h4>\n<ul class=\"links\">\n<li><a title=\"Langues\" href=\"https:\/\/www.irreel.ch\/blog\/langues\/\">Langues <\/a><span class=\"tagDescription\"><\/span><\/li>\n<li><a title=\"L'esprit d'enfance\" href=\"https:\/\/www.irreel.ch\/blog\/poesie\/lesprit-denfance\/\">L'esprit d'enfance <\/a><span class=\"tagDescription\"><\/span><\/li>\n<\/ul>\n<\/div>\n<div class=\"tagindex\">\n<h4 id=\"mctm1-M\">M<\/h4>\n<ul class=\"links\">\n<li><a title=\"Mots-cl\u00e9s\" href=\"https:\/\/www.irreel.ch\/blog\/articles\/mots-cles\/\">Mots-cl\u00e9s <\/a><span class=\"tagDescription\"><\/span><\/li>\n<li><a title=\"Musique\" href=\"https:\/\/www.irreel.ch\/blog\/musique\/\">Musique <\/a><span class=\"tagDescription\"><\/span><\/li>\n<li><a title=\"Musique pour le Cin\u00e9ma\" href=\"https:\/\/www.irreel.ch\/blog\/musique\/cinema\/\">Musique pour le Cin\u00e9ma <\/a><span class=\"tagDescription\"><\/span><\/li>\n<li><a title=\"Musique pour le Th\u00e9\u00e2tre\" href=\"https:\/\/www.irreel.ch\/blog\/musique\/theatre\/\">Musique pour le Th\u00e9\u00e2tre <\/a><span class=\"tagDescription\"><\/span><\/li>\n<\/ul>\n<\/div>\n<div class=\"tagindex\">\n<h4 id=\"mctm1-O\">O<\/h4>\n<ul class=\"links\">\n<li><a title=\"Orchestre\" href=\"https:\/\/www.irreel.ch\/blog\/voix\/orchestre\/\">Orchestre <\/a><span class=\"tagDescription\"><\/span><\/li>\n<li><a title=\"Orgue\" href=\"https:\/\/www.irreel.ch\/blog\/voix\/orgue\/\">Orgue <\/a><span class=\"tagDescription\"><\/span><\/li>\n<\/ul>\n<\/div>\n<div class=\"tagindex\">\n<h4 id=\"mctm1-P\">P<\/h4>\n<ul class=\"links\">\n<li><a title=\"Page Facebook du site\" href=\"https:\/\/www.irreel.ch\/blog\/plan\/page-facebook-du-site\/\">Page Facebook du site <\/a><span class=\"tagDescription\"><\/span><\/li>\n<li><a title=\"Pages\" href=\"https:\/\/www.irreel.ch\/blog\/articles\/pages\/\">Pages <\/a><span class=\"tagDescription\"><\/span><\/li>\n<li><a title=\"Page Twitter du site\" href=\"https:\/\/www.irreel.ch\/blog\/plan\/page-twitter\/\">Page Twitter du site <\/a><span class=\"tagDescription\"><\/span><\/li>\n<li><a title=\"Partitions musicales\" href=\"https:\/\/www.irreel.ch\/blog\/musique\/partitions-musicales\/\">Partitions musicales <\/a><span class=\"tagDescription\"><\/span><\/li>\n<li><a title=\"Peinture\" href=\"https:\/\/www.irreel.ch\/blog\/peinture\/\">Peinture <\/a><span class=\"tagDescription\"><\/span><\/li>\n<li><a title=\"Peintures\" href=\"https:\/\/www.irreel.ch\/blog\/peinture\/peintures\/\">Peintures <\/a><span class=\"tagDescription\"><\/span><\/li>\n<li><a title=\"Percussions\" href=\"https:\/\/www.irreel.ch\/blog\/voix\/percussions\/\">Percussions <\/a><span class=\"tagDescription\"><\/span><\/li>\n<li><a title=\"Photographies \/ irr\u00e9el\" href=\"https:\/\/www.irreel.ch\/blog\/peinture\/photographies\/\">Photographies \/ irr\u00e9el <\/a><span class=\"tagDescription\"><\/span><\/li>\n<li><a title=\"Piano\" href=\"https:\/\/www.irreel.ch\/blog\/voix\/piano\/\">Piano <\/a><span class=\"tagDescription\"><\/span><\/li>\n<li><a title=\"Plan\" href=\"https:\/\/www.irreel.ch\/blog\/plan\/\">Plan <\/a><span class=\"tagDescription\"><\/span><\/li>\n<li><a title=\"Po\u00e8mes polyglottes\" href=\"https:\/\/www.irreel.ch\/blog\/poesie\/poemes-polyglottes\/\">Po\u00e8mes polyglottes <\/a><span class=\"tagDescription\"><\/span><\/li>\n<li><a title=\"Po\u00e9sie\" href=\"https:\/\/www.irreel.ch\/blog\/poesie\/\">Po\u00e9sie <\/a><span class=\"tagDescription\"><\/span><\/li>\n<li><a title=\"Portugais\" href=\"https:\/\/www.irreel.ch\/blog\/langues\/portugais\/\">Portugais <\/a><span class=\"tagDescription\"><\/span><\/li>\n<\/ul>\n<\/div>\n<div class=\"tagindex\">\n<h4 id=\"mctm1-S\">S<\/h4>\n<ul class=\"links\">\n<li><a title=\"Sites de l'auteur\" href=\"https:\/\/www.irreel.ch\/blog\/agenda\/mes-sites\/\">Sites de l'auteur <\/a><span class=\"tagDescription\"><\/span><\/li>\n<li><a title=\"Su\u00e9dois\" href=\"https:\/\/www.irreel.ch\/blog\/langues\/suedois\/\">Su\u00e9dois <\/a><span class=\"tagDescription\"><\/span><\/li>\n<\/ul>\n<\/div>\n<div class=\"tagindex\">\n<h4 id=\"mctm1-T\">T<\/h4>\n<ul class=\"links\">\n<li><a title=\"Tags, mots-cl\u00e9s\" href=\"https:\/\/www.irreel.ch\/blog\/plan\/tags-mots-cles\/\">Tags, mots-cl\u00e9s <\/a><span class=\"tagDescription\"><\/span><\/li>\n<li><a title=\"Tags mots-cl\u00e9s du site\" href=\"https:\/\/www.irreel.ch\/blog\/tags-mots-cles-du-site\/\">Tags mots-cl\u00e9s du site <\/a><span class=\"tagDescription\"><\/span><\/li>\n<li><a title=\"Tch\u00e8que\" href=\"https:\/\/www.irreel.ch\/blog\/langues\/tcheque\/\">Tch\u00e8que <\/a><span class=\"tagDescription\"><\/span><\/li>\n<\/ul>\n<\/div>\n<div class=\"tagindex\">\n<h4 id=\"mctm1-V\">V<\/h4>\n<ul class=\"links\">\n<li><a title=\"Videos\" href=\"https:\/\/www.irreel.ch\/blog\/plan\/videos\/\">Videos <\/a><span class=\"tagDescription\"><\/span><\/li>\n<li><a title=\"Visites guid\u00e9es\" href=\"https:\/\/www.irreel.ch\/blog\/poesie\/visites-guidees\/\">Visites guid\u00e9es <\/a><span class=\"tagDescription\"><\/span><\/li>\n<li><a title=\"Voix\" href=\"https:\/\/www.irreel.ch\/blog\/voix\/\">Voix <\/a><span class=\"tagDescription\"><\/span><\/li>\n<\/ul>\n<\/div><\/div> <!-- end responsive -->\n<script> tagindexwidth = \"150px\"; maxColumns = \"3\"; <\/script>\n<\/div> <!-- end hold inner -->\n<div style='clear: both;'><\/div>\n<\/div><!-- end list -->\n","protected":false},"excerpt":{"rendered":"","protected":false},"author":191,"featured_media":0,"parent":5976,"menu_order":0,"comment_status":"closed","ping_status":"closed","template":"","meta":{"sfsi_plus_gutenberg_text_before_share":"","sfsi_plus_gutenberg_show_text_before_share":"","sfsi_plus_gutenberg_icon_type":"","sfsi_plus_gutenberg_icon_alignemt":"","sfsi_plus_gutenburg_max_per_row":"","_EventAllDay":false,"_EventTimezone":"","_EventStartDate":"","_EventEndDate":"","_EventStartDateUTC":"","_EventEndDateUTC":"","_EventShowMap":false,"_EventShowMapLink":false,"_EventURL":"","_EventCost":"","_EventCostDescription":"","_EventCurrencySymbol":"","_EventCurrencyCode":"","_EventCurrencyPosition":"","_EventDateTimeSeparator":"","_EventTimeRangeSeparator":"","_EventOrganizerID":[],"_EventVenueID":[],"_OrganizerEmail":"","_OrganizerPhone":"","_OrganizerWebsite":"","_VenueAddress":"","_VenueCity":"","_VenueCountry":"","_VenueProvince":"","_VenueState":"","_VenueZip":"","_VenuePhone":"","_VenueURL":"","_VenueStateProvince":"","_VenueLat":"","_VenueLng":"","_VenueShowMap":false,"_VenueShowMapLink":false,"footnotes":""},"class_list":["post-5970","page","type-page","status-publish","hentry"],"_links":{"self":[{"href":"https:\/\/www.irreel.ch\/blog\/wp-json\/wp\/v2\/pages\/5970","targetHints":{"allow":["GET"]}}],"collection":[{"href":"https:\/\/www.irreel.ch\/blog\/wp-json\/wp\/v2\/pages"}],"about":[{"href":"https:\/\/www.irreel.ch\/blog\/wp-json\/wp\/v2\/types\/page"}],"author":[{"embeddable":true,"href":"https:\/\/www.irreel.ch\/blog\/wp-json\/wp\/v2\/users\/191"}],"replies":[{"embeddable":true,"href":"https:\/\/www.irreel.ch\/blog\/wp-json\/wp\/v2\/comments?post=5970"}],"version-history":[{"count":1,"href":"https:\/\/www.irreel.ch\/blog\/wp-json\/wp\/v2\/pages\/5970\/revisions"}],"predecessor-version":[{"id":5973,"href":"https:\/\/www.irreel.ch\/blog\/wp-json\/wp\/v2\/pages\/5970\/revisions\/5973"}],"up":[{"embeddable":true,"href":"https:\/\/www.irreel.ch\/blog\/wp-json\/wp\/v2\/pages\/5976"}],"wp:attachment":[{"href":"https:\/\/www.irreel.ch\/blog\/wp-json\/wp\/v2\/media?parent=5970"}],"curies":[{"name":"wp","href":"https:\/\/api.w.org\/{rel}","templated":true}]}}