{"id":550,"date":"2009-12-10T19:01:09","date_gmt":"2009-12-10T17:01:09","guid":{"rendered":"http:\/\/www.irreel.org\/blog\/?page_id=550"},"modified":"2022-12-15T15:33:59","modified_gmt":"2022-12-15T14:33:59","slug":"langues","status":"publish","type":"page","link":"https:\/\/www.irreel.ch\/blog\/langues\/","title":{"rendered":"Langues"},"content":{"rendered":"\n<p>Index des langues du site irreel.org, articles, essais, en diverses langues:<\/p>\n\n\n\n<p><a href=\"http:\/\/www.irreel.ch\/blog\/langues\/allemand\/\">allemand<\/a>, <a href=\"http:\/\/www.irreel.ch\/blog\/langues\/anglais\/\">anglais<\/a>, <a href=\"http:\/\/www.irreel.ch\/blog\/tag\/argot\/\">argot<\/a>, <a href=\"http:\/\/www.irreel.ch\/blog\/tag\/bernois\/\">bernois<\/a>, <a href=\"http:\/\/www.irreel.ch\/blog\/tag\/catalan\/\">catalan<\/a>, <a href=\"http:\/\/www.irreel.ch\/blog\/tag\/corse\/\">corse<\/a>, <a href=\"http:\/\/www.irreel.ch\/blog\/tag\/creole\/\">cr\u00e9ole<\/a>, <a href=\"http:\/\/www.irreel.ch\/blog\/tag\/danois\/\">danois<\/a>, <a href=\"http:\/\/www.irreel.ch\/blog\/langues\/espagnol\/\">espagnol<\/a>, <a href=\"http:\/\/www.irreel.ch\/blog\/tag\/esperanto\/\">esp\u00e9ranto<\/a>, <a href=\"http:\/\/www.irreel.ch\/blog\/tag\/finnois\/\">finnois<\/a>, <a href=\"http:\/\/www.irreel.ch\/blog\/tag\/franco-provencal\/\">franco-proven\u00e7al<\/a>, <a href=\"http:\/\/www.irreel.ch\/blog\/tag\/grec-ancien\/\">grec ancien<\/a>, <a href=\"http:\/\/www.irreel.ch\/blog\/tag\/grec-moderne\/\">grec moderne<\/a>, <a href=\"http:\/\/www.irreel.ch\/blog\/langues\/hollandais\/\">hollandais<\/a>, <a href=\"http:\/\/www.irreel.ch\/blog\/langues\/italien\/\">italien<\/a>, <a href=\"http:\/\/www.irreel.ch\/blog\/tag\/latin\/\">latin<\/a>, <a href=\"http:\/\/www.irreel.ch\/blog\/tag\/norvegien\/\">norv\u00e9gien<\/a>, <a href=\"http:\/\/www.irreel.ch\/blog\/tag\/polonais\/\">polonais<\/a>, <a href=\"http:\/\/www.irreel.ch\/blog\/langues\/portugais\/\">portugais<\/a>, <a href=\"http:\/\/www.irreel.ch\/blog\/tag\/provencal\/\">proven\u00e7al<\/a>, <a href=\"http:\/\/www.irreel.ch\/blog\/tag\/roumain\/\">roumain<\/a>, <a href=\"http:\/\/www.irreel.ch\/blog\/tag\/russe\/\">russe<\/a>, <a href=\"http:\/\/www.irreel.ch\/blog\/tag\/serbocroate\/\">serbo-croate<\/a>, <a href=\"http:\/\/www.irreel.ch\/blog\/langues\/suedois\/\">su\u00e9dois<\/a>, <a href=\"http:\/\/www.irreel.ch\/blog\/langues\/tcheque\/\">tch\u00e8que.<\/a><\/p>\n\n\n\n<p><\/p>\n","protected":false},"excerpt":{"rendered":"<p>Index des langues du site irreel.org, articles, essais, en diverses langues: allemand, anglais, argot, bernois, catalan, corse, cr\u00e9ole, danois, espagnol, esp\u00e9ranto, finnois, franco-proven\u00e7al, grec ancien, grec moderne, hollandais, italien, latin, norv\u00e9gien, polonais, portugais, proven\u00e7al,&#46;&#46;&#46;<\/p>\n","protected":false},"author":5,"featured_media":0,"parent":0,"menu_order":1200,"comment_status":"open","ping_status":"closed","template":"","meta":{"sfsi_plus_gutenberg_text_before_share":"","sfsi_plus_gutenberg_show_text_before_share":"","sfsi_plus_gutenberg_icon_type":"","sfsi_plus_gutenberg_icon_alignemt":"","sfsi_plus_gutenburg_max_per_row":"","_EventAllDay":false,"_EventTimezone":"","_EventStartDate":"","_EventEndDate":"","_EventStartDateUTC":"","_EventEndDateUTC":"","_EventShowMap":false,"_EventShowMapLink":false,"_EventURL":"","_EventCost":"","_EventCostDescription":"","_EventCurrencySymbol":"","_EventCurrencyCode":"","_EventCurrencyPosition":"","_EventDateTimeSeparator":"","_EventTimeRangeSeparator":"","_EventOrganizerID":[],"_EventVenueID":[],"_OrganizerEmail":"","_OrganizerPhone":"","_OrganizerWebsite":"","_VenueAddress":"","_VenueCity":"","_VenueCountry":"","_VenueProvince":"","_VenueState":"","_VenueZip":"","_VenuePhone":"","_VenueURL":"","_VenueStateProvince":"","_VenueLat":"","_VenueLng":"","_VenueShowMap":false,"_VenueShowMapLink":false,"footnotes":""},"class_list":["post-550","page","type-page","status-publish","hentry"],"_links":{"self":[{"href":"https:\/\/www.irreel.ch\/blog\/wp-json\/wp\/v2\/pages\/550","targetHints":{"allow":["GET"]}}],"collection":[{"href":"https:\/\/www.irreel.ch\/blog\/wp-json\/wp\/v2\/pages"}],"about":[{"href":"https:\/\/www.irreel.ch\/blog\/wp-json\/wp\/v2\/types\/page"}],"author":[{"embeddable":true,"href":"https:\/\/www.irreel.ch\/blog\/wp-json\/wp\/v2\/users\/5"}],"replies":[{"embeddable":true,"href":"https:\/\/www.irreel.ch\/blog\/wp-json\/wp\/v2\/comments?post=550"}],"version-history":[{"count":26,"href":"https:\/\/www.irreel.ch\/blog\/wp-json\/wp\/v2\/pages\/550\/revisions"}],"predecessor-version":[{"id":6775,"href":"https:\/\/www.irreel.ch\/blog\/wp-json\/wp\/v2\/pages\/550\/revisions\/6775"}],"wp:attachment":[{"href":"https:\/\/www.irreel.ch\/blog\/wp-json\/wp\/v2\/media?parent=550"}],"curies":[{"name":"wp","href":"https:\/\/api.w.org\/{rel}","templated":true}]}}