{"id":52,"date":"2008-06-09T11:01:24","date_gmt":"2008-06-09T09:01:24","guid":{"rendered":"http:\/\/www.irreel.ch\/blog\/?page_id=52"},"modified":"2022-12-16T06:25:24","modified_gmt":"2022-12-16T05:25:24","slug":"cinema","status":"publish","type":"page","link":"https:\/\/www.irreel.ch\/blog\/musique\/cinema\/","title":{"rendered":"Musique pour le Cin\u00e9ma"},"content":{"rendered":"<p>Musiques pour le cin\u00e9ma, articles li\u00e9s au cin\u00e9ma et sc\u00e9narios dans le site irreel.ch:<\/p>\n<p><a href=\"http:\/\/www.irreel.ch\/blog\/sujet\/musique\/cinema\/\">https:\/\/www.irreel.ch\/blog\/sujet\/musique\/cinema\/<\/a><\/p>\n<div>\n<div id=\"bca273c3_1484301232587\" class=\"powr-rss-feed powrLoaded\"><iframe loading=\"lazy\" style=\"height: 830px; transition: height 0.3s ease 0s; display: inline; visibility: visible;\" title=\"powr rss feed\" src=\"https:\/\/www.powr.io\/rss-feed\/u\/bca273c3_1484301232587#platform=wordpress&amp;url=https%3A%2F%2Fwww.irreel.ch%2Fblog%2Fwp-admin%2Fpost.php%3Fpost%3D52%26action%3Dedit\" width=\"100%\" height=\"830px\" frameborder=\"0\" allowfullscreen=\"allowfullscreen\"><\/iframe><\/div>\n<\/div>\n","protected":false},"excerpt":{"rendered":"<p>Musiques pour le cin\u00e9ma, articles li\u00e9s au cin\u00e9ma et sc\u00e9narios dans le site irreel.ch: https:\/\/www.irreel.ch\/blog\/sujet\/musique\/cinema\/<\/p>\n","protected":false},"author":191,"featured_media":0,"parent":48,"menu_order":950,"comment_status":"open","ping_status":"closed","template":"","meta":{"sfsi_plus_gutenberg_text_before_share":"","sfsi_plus_gutenberg_show_text_before_share":"","sfsi_plus_gutenberg_icon_type":"","sfsi_plus_gutenberg_icon_alignemt":"","sfsi_plus_gutenburg_max_per_row":"","_EventAllDay":false,"_EventTimezone":"","_EventStartDate":"","_EventEndDate":"","_EventStartDateUTC":"","_EventEndDateUTC":"","_EventShowMap":false,"_EventShowMapLink":false,"_EventURL":"","_EventCost":"","_EventCostDescription":"","_EventCurrencySymbol":"","_EventCurrencyCode":"","_EventCurrencyPosition":"","_EventDateTimeSeparator":"","_EventTimeRangeSeparator":"","_EventOrganizerID":[],"_EventVenueID":[],"_OrganizerEmail":"","_OrganizerPhone":"","_OrganizerWebsite":"","_VenueAddress":"","_VenueCity":"","_VenueCountry":"","_VenueProvince":"","_VenueState":"","_VenueZip":"","_VenuePhone":"","_VenueURL":"","_VenueStateProvince":"","_VenueLat":"","_VenueLng":"","_VenueShowMap":false,"_VenueShowMapLink":false,"footnotes":""},"class_list":["post-52","page","type-page","status-publish","hentry"],"_links":{"self":[{"href":"https:\/\/www.irreel.ch\/blog\/wp-json\/wp\/v2\/pages\/52","targetHints":{"allow":["GET"]}}],"collection":[{"href":"https:\/\/www.irreel.ch\/blog\/wp-json\/wp\/v2\/pages"}],"about":[{"href":"https:\/\/www.irreel.ch\/blog\/wp-json\/wp\/v2\/types\/page"}],"author":[{"embeddable":true,"href":"https:\/\/www.irreel.ch\/blog\/wp-json\/wp\/v2\/users\/191"}],"replies":[{"embeddable":true,"href":"https:\/\/www.irreel.ch\/blog\/wp-json\/wp\/v2\/comments?post=52"}],"version-history":[{"count":5,"href":"https:\/\/www.irreel.ch\/blog\/wp-json\/wp\/v2\/pages\/52\/revisions"}],"predecessor-version":[{"id":6847,"href":"https:\/\/www.irreel.ch\/blog\/wp-json\/wp\/v2\/pages\/52\/revisions\/6847"}],"up":[{"embeddable":true,"href":"https:\/\/www.irreel.ch\/blog\/wp-json\/wp\/v2\/pages\/48"}],"wp:attachment":[{"href":"https:\/\/www.irreel.ch\/blog\/wp-json\/wp\/v2\/media?parent=52"}],"curies":[{"name":"wp","href":"https:\/\/api.w.org\/{rel}","templated":true}]}}