{"id":5178,"date":"2019-03-05T09:29:16","date_gmt":"2019-03-05T07:29:16","guid":{"rendered":"http:\/\/www.irreel.ch\/blog\/?page_id=5178"},"modified":"2024-10-18T11:55:30","modified_gmt":"2024-10-18T09:55:30","slug":"visites-guidees","status":"publish","type":"page","link":"https:\/\/www.irreel.ch\/blog\/poesie\/visites-guidees\/","title":{"rendered":"Visites guid\u00e9es"},"content":{"rendered":"\n<p>Visites guid\u00e9es donn\u00e9es par Daniel Thomas, dans le cadre de l&rsquo;Universit\u00e9 Populaire de Lausanne, du Parc Naturel P\u00e9riurbain du Jorat, des manifestations de l&rsquo;Abbaye de Montheron, de Lausanne Estivale ou pour des groupes. Histoire des lieux, observation des merveilles locales, des oeuvres d&rsquo;art, ouvrir le regard autour de soi, et musiques sur les orgues.<br> Vous pourrez-vous voir sur le site langages.ch quand la visite sera donn\u00e9e \u00e0 nouveau : <a href=\"http:\/\/www.langages.ch\/blog\/tag\/visite-guidee\/\">http:\/\/www.langages.ch\/blog\/tag\/visite-guidee\/<\/a>.<br> Vous pouvez aussi r\u00e9server une visite priv\u00e9e pour une famille, un groupe ou vous-m\u00eames sur la page de <a href=\"http:\/\/www.irreel.ch\/blog\/plan\/contact\/\">contact<\/a>.<\/p>\n\n\n\n<figure><iframe loading=\"lazy\" style=\"border: none; overflow: hidden;\" src=\"https:\/\/www.facebook.com\/plugins\/page.php?href=https%3A%2F%2Fwww.facebook.com%2FDaniel.Thomas.Visites%2F&amp;tabs=timeline&amp;width=600&amp;height=800&amp;small_header=false&amp;adapt_container_width=true&amp;hide_cover=false&amp;show_facepile=false&amp;appId=341524735956895\" width=\"600\" height=\"800\" frameborder=\"0\" scrolling=\"no\"><\/iframe><\/figure>\n\n\n\n<p>Voir les articles : \u00ab\u00a0visites guid\u00e9es\u00a0\u00bb <a href=\"https:\/\/www.irreel.ch\/blog\/tag\/visite-guidee\/\">https:\/\/www.irreel.ch\/blog\/tag\/visite-guidee\/<\/a><\/p>\n","protected":false},"excerpt":{"rendered":"<p>Visites guid\u00e9es donn\u00e9es par Daniel Thomas, dans le cadre de l&rsquo;Universit\u00e9 Populaire de Lausanne, du Parc Naturel P\u00e9riurbain du Jorat, des manifestations de l&rsquo;Abbaye de Montheron, de Lausanne Estivale ou pour des groupes. Histoire&#46;&#46;&#46;<\/p>\n","protected":false},"author":191,"featured_media":5195,"parent":4,"menu_order":7,"comment_status":"closed","ping_status":"closed","template":"","meta":{"sfsi_plus_gutenberg_text_before_share":"","sfsi_plus_gutenberg_show_text_before_share":"","sfsi_plus_gutenberg_icon_type":"","sfsi_plus_gutenberg_icon_alignemt":"","sfsi_plus_gutenburg_max_per_row":"","_EventAllDay":false,"_EventTimezone":"","_EventStartDate":"","_EventEndDate":"","_EventStartDateUTC":"","_EventEndDateUTC":"","_EventShowMap":false,"_EventShowMapLink":false,"_EventURL":"","_EventCost":"","_EventCostDescription":"","_EventCurrencySymbol":"","_EventCurrencyCode":"","_EventCurrencyPosition":"","_EventDateTimeSeparator":"","_EventTimeRangeSeparator":"","_EventOrganizerID":[],"_EventVenueID":[],"_OrganizerEmail":"","_OrganizerPhone":"","_OrganizerWebsite":"","_VenueAddress":"","_VenueCity":"","_VenueCountry":"","_VenueProvince":"","_VenueState":"","_VenueZip":"","_VenuePhone":"","_VenueURL":"","_VenueStateProvince":"","_VenueLat":"","_VenueLng":"","_VenueShowMap":false,"_VenueShowMapLink":false,"footnotes":""},"class_list":["post-5178","page","type-page","status-publish","has-post-thumbnail","hentry"],"_links":{"self":[{"href":"https:\/\/www.irreel.ch\/blog\/wp-json\/wp\/v2\/pages\/5178","targetHints":{"allow":["GET"]}}],"collection":[{"href":"https:\/\/www.irreel.ch\/blog\/wp-json\/wp\/v2\/pages"}],"about":[{"href":"https:\/\/www.irreel.ch\/blog\/wp-json\/wp\/v2\/types\/page"}],"author":[{"embeddable":true,"href":"https:\/\/www.irreel.ch\/blog\/wp-json\/wp\/v2\/users\/191"}],"replies":[{"embeddable":true,"href":"https:\/\/www.irreel.ch\/blog\/wp-json\/wp\/v2\/comments?post=5178"}],"version-history":[{"count":6,"href":"https:\/\/www.irreel.ch\/blog\/wp-json\/wp\/v2\/pages\/5178\/revisions"}],"predecessor-version":[{"id":7159,"href":"https:\/\/www.irreel.ch\/blog\/wp-json\/wp\/v2\/pages\/5178\/revisions\/7159"}],"up":[{"embeddable":true,"href":"https:\/\/www.irreel.ch\/blog\/wp-json\/wp\/v2\/pages\/4"}],"wp:featuredmedia":[{"embeddable":true,"href":"https:\/\/www.irreel.ch\/blog\/wp-json\/wp\/v2\/media\/5195"}],"wp:attachment":[{"href":"https:\/\/www.irreel.ch\/blog\/wp-json\/wp\/v2\/media?parent=5178"}],"curies":[{"name":"wp","href":"https:\/\/api.w.org\/{rel}","templated":true}]}}