{"id":48,"date":"2008-06-09T10:47:47","date_gmt":"2008-06-09T08:47:47","guid":{"rendered":"http:\/\/www.irreel.ch\/blog\/?page_id=48"},"modified":"2020-04-14T17:53:16","modified_gmt":"2020-04-14T15:53:16","slug":"musique","status":"publish","type":"page","link":"https:\/\/www.irreel.ch\/blog\/musique\/","title":{"rendered":"Musique"},"content":{"rendered":"\n<ul class=\"children wp-block-list\"><li class=\"page_item page-item-977\"><a href=\"http:\/\/www.irreel.ch\/blog\/musique\/compositions-musicales\/\">Compositions musicales<\/a><\/li><li class=\"page_item page-item-53\"><a href=\"http:\/\/www.irreel.ch\/blog\/musique\/danse\/\">Danse<\/a><\/li><li class=\"page_item page-item-1296\"><a href=\"http:\/\/www.irreel.ch\/blog\/musique\/improvisation-musicale\/\">Improvisation musicale<\/a><\/li><li class=\"page_item page-item-52\"><a href=\"http:\/\/www.irreel.ch\/blog\/musique\/cinema\/\">Musique pour le Cin\u00e9ma<\/a><\/li><li class=\"page_item page-item-51\"><a href=\"http:\/\/www.irreel.ch\/blog\/musique\/theatre\/\">Musique pour le Th\u00e9\u00e2tre<\/a><\/li><li class=\"page_item page-item-2264\"><a href=\"http:\/\/www.irreel.ch\/blog\/musique\/partitions-musicales\/\">Partitions musicales<\/a><\/li><\/ul>\n\n\n\n<p>et aussi les instruments de musique:<\/p>\n\n\n\n<ul class=\"wp-block-list\"><li><a title=\"Carillon\" href=\"http:\/\/www.irreel.org\/blog\/voix\/carillon\/\">Carillon<\/a><\/li><li><a title=\"Guitare\" href=\"http:\/\/www.irreel.org\/blog\/voix\/guitare\/\">Guitare<\/a><\/li><li><a title=\"Cordes\" href=\"http:\/\/www.irreel.org\/blog\/voix\/violon\/\">Cordes<\/a><\/li><li><a title=\"Piano\" href=\"http:\/\/www.irreel.org\/blog\/voix\/piano\/\">Piano<\/a><\/li><li><a title=\"Orgue\" href=\"http:\/\/www.irreel.org\/blog\/voix\/orgue\/\">Orgue<\/a><\/li><li><a title=\"Clavecin\" href=\"http:\/\/www.irreel.org\/blog\/voix\/clavecin\/\">Clavecin<\/a><\/li><li><a title=\"Fl\u00fbte traversi\u00e8re\" href=\"http:\/\/www.irreel.org\/blog\/voix\/flute-traversiere\/\">Fl\u00fbte traversi\u00e8re<\/a><\/li><li><a title=\"Percussions\" href=\"http:\/\/www.irreel.org\/blog\/voix\/percussions\/\">Percussions<\/a><\/li><li><a title=\"Orchestre\" href=\"http:\/\/www.irreel.org\/blog\/voix\/orchestre\/\">Orchestre<\/a><\/li><\/ul>\n\n\n\n<p>Quelques articles \u00ab\u00a0<strong>Musique<\/strong>\u00a0\u00bb du site irreel.ch:<\/p>\n\n\n<div class='powr-rss-feed' id='71b11a0c_1484323654997'><\/div>\n\n\n\n<p>Prochains concerts du site langages.ch:<\/p>\n\n\n\n<p><a href=\"https:\/\/www.langages.ch\/blog\/events\/categorie\/agenda\/\">https:\/\/www.langages.ch\/blog\/events\/categorie\/agenda\/<\/a><\/p>\n","protected":false},"excerpt":{"rendered":"<p>Compositions musicales Danse Improvisation musicale Musique pour le Cin\u00e9ma Musique pour le Th\u00e9\u00e2tre Partitions musicales et aussi les instruments de musique: Carillon Guitare Cordes Piano Orgue Clavecin Fl\u00fbte traversi\u00e8re Percussions Orchestre Quelques articles \u00ab\u00a0Musique\u00a0\u00bb&#46;&#46;&#46;<\/p>\n","protected":false},"author":191,"featured_media":0,"parent":0,"menu_order":300,"comment_status":"open","ping_status":"closed","template":"","meta":{"sfsi_plus_gutenberg_text_before_share":"","sfsi_plus_gutenberg_show_text_before_share":"","sfsi_plus_gutenberg_icon_type":"","sfsi_plus_gutenberg_icon_alignemt":"","sfsi_plus_gutenburg_max_per_row":"","_EventAllDay":false,"_EventTimezone":"","_EventStartDate":"","_EventEndDate":"","_EventStartDateUTC":"","_EventEndDateUTC":"","_EventShowMap":false,"_EventShowMapLink":false,"_EventURL":"","_EventCost":"","_EventCostDescription":"","_EventCurrencySymbol":"","_EventCurrencyCode":"","_EventCurrencyPosition":"","_EventDateTimeSeparator":"","_EventTimeRangeSeparator":"","_EventOrganizerID":[],"_EventVenueID":[],"_OrganizerEmail":"","_OrganizerPhone":"","_OrganizerWebsite":"","_VenueAddress":"","_VenueCity":"","_VenueCountry":"","_VenueProvince":"","_VenueState":"","_VenueZip":"","_VenuePhone":"","_VenueURL":"","_VenueStateProvince":"","_VenueLat":"","_VenueLng":"","_VenueShowMap":false,"_VenueShowMapLink":false,"footnotes":""},"class_list":["post-48","page","type-page","status-publish","hentry"],"_links":{"self":[{"href":"https:\/\/www.irreel.ch\/blog\/wp-json\/wp\/v2\/pages\/48","targetHints":{"allow":["GET"]}}],"collection":[{"href":"https:\/\/www.irreel.ch\/blog\/wp-json\/wp\/v2\/pages"}],"about":[{"href":"https:\/\/www.irreel.ch\/blog\/wp-json\/wp\/v2\/types\/page"}],"author":[{"embeddable":true,"href":"https:\/\/www.irreel.ch\/blog\/wp-json\/wp\/v2\/users\/191"}],"replies":[{"embeddable":true,"href":"https:\/\/www.irreel.ch\/blog\/wp-json\/wp\/v2\/comments?post=48"}],"version-history":[{"count":5,"href":"https:\/\/www.irreel.ch\/blog\/wp-json\/wp\/v2\/pages\/48\/revisions"}],"predecessor-version":[{"id":6566,"href":"https:\/\/www.irreel.ch\/blog\/wp-json\/wp\/v2\/pages\/48\/revisions\/6566"}],"wp:attachment":[{"href":"https:\/\/www.irreel.ch\/blog\/wp-json\/wp\/v2\/media?parent=48"}],"curies":[{"name":"wp","href":"https:\/\/api.w.org\/{rel}","templated":true}]}}