{"id":4,"date":"2008-04-21T14:39:31","date_gmt":"2008-04-21T12:39:31","guid":{"rendered":"http:\/\/www.irreel.ch\/blog\/?page_id=4"},"modified":"2024-01-22T09:43:35","modified_gmt":"2024-01-22T08:43:35","slug":"poesie","status":"publish","type":"page","link":"https:\/\/www.irreel.ch\/blog\/poesie\/","title":{"rendered":"Po\u00e9sie"},"content":{"rendered":"\n<p>Sentir l&rsquo;autre et le dialogue.<br>Et si le temps s\u2019arr\u00eatait? Et si tout devenait possible? et si l\u2019on pouvait vivre ses r\u00eaves?<br>Oeuvres litt\u00e9raires de Daniel D. R. Thomas<\/p>\n\n\n\n<p><strong>Essais litt\u00e9raires et langues<\/strong>&nbsp;(<a rel=\"noreferrer noopener\" href=\"https:\/\/www.irreel.ch\/blog\/poesie\/poemes-polyglottes\/?fbclid=IwAR2Xt5U5RlmYZA_upvXwkq1zqo-0-anweN4nYgNBYr13NIY75zqvZO0VR9o\" target=\"_blank\">polyglotte<\/a>)<\/p>\n\n\n\n<p>Les mots pour dire sa vie et rencontrer les \u00eatres: il a obtenu en 1984, la licence \u00e8s Lettres (grec, latin, philosophie) \u00e0 Lausanne, il est&nbsp;<a rel=\"noreferrer noopener\" href=\"https:\/\/www.langages.ch\/blog\/polyglotte\/\" target=\"_blank\">polyglotte<\/a>&nbsp;et \u00e9crit des<a rel=\"noreferrer noopener\" href=\"https:\/\/www.irreel.ch\/blog\/poesie\/poemes-polyglottes\/\" target=\"_blank\">&nbsp;po\u00e8mes et essais<\/a>&nbsp;en de nombreuses langues.<\/p>\n\n\n\n<ul class=\"children wp-block-list\">\n<li><a href=\"https:\/\/www.irreel.ch\/blog\/poesie\/essais-comptes-rendus\/\">Essais comptes rendus<\/a><\/li>\n<\/ul>\n\n\n\n<ul class=\"children wp-block-list\">\n<li><a href=\"https:\/\/www.irreel.ch\/blog\/poesie\/essais-poetiques\/\">Essais po\u00e9tiques<\/a><\/li>\n<\/ul>\n\n\n\n<ul class=\"children wp-block-list\">\n<li><a href=\"https:\/\/www.irreel.ch\/blog\/poesie\/essais-reflexion\/\">Essais r\u00e9flexion<\/a><\/li>\n<\/ul>\n\n\n\n<ul class=\"children wp-block-list\">\n<li><a href=\"https:\/\/www.irreel.ch\/blog\/poesie\/articles\/\">Articles<\/a><\/li>\n<\/ul>\n\n\n\n<ul class=\"children wp-block-list\">\n<li><a href=\"https:\/\/www.irreel.ch\/blog\/poesie\/poemes-polyglottes\/\">po\u00e8mes polyglottes<\/a><\/li>\n\n\n\n<li><a href=\"https:\/\/www.irreel.ch\/blog\/sujet\/poesie\/visite-guidee\/\">Balades historiques et artistiques, visites guid\u00e9es<\/a><\/li>\n<\/ul>\n\n\n\n<ul class=\"children wp-block-list\">\n<li><a href=\"https:\/\/www.irreel.ch\/blog\/poesie\/lesprit-denfance\/\">L\u2019esprit d\u2019enfance<\/a><\/li>\n<\/ul>\n\n\n<div class=\"wp-block-image\">\n<figure class=\"alignleft\"><img loading=\"lazy\" decoding=\"async\" width=\"150\" height=\"105\" src=\"http:\/\/www.irreel.ch\/blog\/wp-content\/uploads\/le-sous-bois-150x105.jpg\" alt=\"Le sous-bois\" class=\"wp-image-3328\" srcset=\"https:\/\/www.irreel.ch\/blog\/wp-content\/uploads\/le-sous-bois-150x105.jpg 150w, https:\/\/www.irreel.ch\/blog\/wp-content\/uploads\/le-sous-bois-300x211.jpg 300w, https:\/\/www.irreel.ch\/blog\/wp-content\/uploads\/le-sous-bois-1024x722.jpg 1024w, https:\/\/www.irreel.ch\/blog\/wp-content\/uploads\/le-sous-bois.jpg 1059w\" sizes=\"auto, (max-width: 150px) 100vw, 150px\" \/><\/figure>\n<\/div>\n\n\n<p>.<\/p>\n\n\n\n<p>Articles \u00ab\u00a0Essais litt\u00e9raires\u00a0\u00bb du site irreel.org : <a href=\"https:\/\/www.irreel.ch\/blog\/sujet\/poesie\/\">https:\/\/www.irreel.ch\/blog\/sujet\/poesie\/<\/a><\/p>\n\n\n\n<p>Nouvelles essais litt\u00e9raires :<\/p>\n\n\n\n<figure><iframe loading=\"lazy\" style=\"border: none; overflow: hidden;\" src=\"https:\/\/www.facebook.com\/plugins\/page.php?href=https%3A%2F%2Fwww.facebook.com%2FPolyglotte.Daniel.Thomas%2F&amp;tabs=timeline&amp;width=600&amp;height=1400&amp;small_header=false&amp;adapt_container_width=true&amp;hide_cover=false&amp;show_facepile=false&amp;appId=341524735956895\" width=\"600\" height=\"1400\" frameborder=\"0\" scrolling=\"no\"><\/iframe><\/figure>\n","protected":false},"excerpt":{"rendered":"<p>Sentir l&rsquo;autre et le dialogue.Et si le temps s\u2019arr\u00eatait? Et si tout devenait possible? et si l\u2019on pouvait vivre ses r\u00eaves?Oeuvres litt\u00e9raires de Daniel D. R. Thomas Essais litt\u00e9raires et langues&nbsp;(polyglotte) Les mots pour&#46;&#46;&#46;<\/p>\n","protected":false},"author":191,"featured_media":5196,"parent":0,"menu_order":600,"comment_status":"open","ping_status":"closed","template":"","meta":{"sfsi_plus_gutenberg_text_before_share":"","sfsi_plus_gutenberg_show_text_before_share":"","sfsi_plus_gutenberg_icon_type":"","sfsi_plus_gutenberg_icon_alignemt":"","sfsi_plus_gutenburg_max_per_row":"","_EventAllDay":false,"_EventTimezone":"","_EventStartDate":"","_EventEndDate":"","_EventStartDateUTC":"","_EventEndDateUTC":"","_EventShowMap":false,"_EventShowMapLink":false,"_EventURL":"","_EventCost":"","_EventCostDescription":"","_EventCurrencySymbol":"","_EventCurrencyCode":"","_EventCurrencyPosition":"","_EventDateTimeSeparator":"","_EventTimeRangeSeparator":"","_EventOrganizerID":[],"_EventVenueID":[],"_OrganizerEmail":"","_OrganizerPhone":"","_OrganizerWebsite":"","_VenueAddress":"","_VenueCity":"","_VenueCountry":"","_VenueProvince":"","_VenueState":"","_VenueZip":"","_VenuePhone":"","_VenueURL":"","_VenueStateProvince":"","_VenueLat":"","_VenueLng":"","_VenueShowMap":false,"_VenueShowMapLink":false,"footnotes":""},"class_list":["post-4","page","type-page","status-publish","has-post-thumbnail","hentry"],"_links":{"self":[{"href":"https:\/\/www.irreel.ch\/blog\/wp-json\/wp\/v2\/pages\/4","targetHints":{"allow":["GET"]}}],"collection":[{"href":"https:\/\/www.irreel.ch\/blog\/wp-json\/wp\/v2\/pages"}],"about":[{"href":"https:\/\/www.irreel.ch\/blog\/wp-json\/wp\/v2\/types\/page"}],"author":[{"embeddable":true,"href":"https:\/\/www.irreel.ch\/blog\/wp-json\/wp\/v2\/users\/191"}],"replies":[{"embeddable":true,"href":"https:\/\/www.irreel.ch\/blog\/wp-json\/wp\/v2\/comments?post=4"}],"version-history":[{"count":19,"href":"https:\/\/www.irreel.ch\/blog\/wp-json\/wp\/v2\/pages\/4\/revisions"}],"predecessor-version":[{"id":7111,"href":"https:\/\/www.irreel.ch\/blog\/wp-json\/wp\/v2\/pages\/4\/revisions\/7111"}],"wp:featuredmedia":[{"embeddable":true,"href":"https:\/\/www.irreel.ch\/blog\/wp-json\/wp\/v2\/media\/5196"}],"wp:attachment":[{"href":"https:\/\/www.irreel.ch\/blog\/wp-json\/wp\/v2\/media?parent=4"}],"curies":[{"name":"wp","href":"https:\/\/api.w.org\/{rel}","templated":true}]}}