{"id":333,"date":"2008-12-06T09:04:55","date_gmt":"2008-12-06T07:04:55","guid":{"rendered":"http:\/\/www.irreel.org\/blog\/?page_id=333"},"modified":"2024-10-18T17:43:58","modified_gmt":"2024-10-18T15:43:58","slug":"monotypes","status":"publish","type":"page","link":"https:\/\/www.irreel.ch\/blog\/peinture\/monotypes\/","title":{"rendered":"Impressions monotypes"},"content":{"rendered":"\n<p>Monotypes, myst\u00e8re des \u00e9v\u00e9nements picturaux, Magie de la d\u00e9couverte, impressions uniques, \u00e0 chaque lev\u00e9e de feuille, un myst\u00e8re de la naissance.<\/p>\n\n\n\n<p>Voir les articles \u00ab\u00a0monotypes\u00a0\u00bb : <a href=\"https:\/\/www.irreel.ch\/blog\/sujet\/peinture\/monotypes\/\">https:\/\/www.irreel.ch\/blog\/sujet\/peinture\/monotypes\/<\/a><\/p>\n\n\n\n<figure class=\"wp-block-image size-large\"><img loading=\"lazy\" decoding=\"async\" width=\"744\" height=\"1024\" src=\"https:\/\/www.irreel.ch\/blog\/wp-content\/uploads\/monotype-bois-automne_Fotor-744x1024.jpg\" alt=\"\" class=\"wp-image-5253\" srcset=\"https:\/\/www.irreel.ch\/blog\/wp-content\/uploads\/monotype-bois-automne_Fotor-744x1024.jpg 744w, https:\/\/www.irreel.ch\/blog\/wp-content\/uploads\/monotype-bois-automne_Fotor-109x150.jpg 109w, https:\/\/www.irreel.ch\/blog\/wp-content\/uploads\/monotype-bois-automne_Fotor-218x300.jpg 218w, https:\/\/www.irreel.ch\/blog\/wp-content\/uploads\/monotype-bois-automne_Fotor-768x1056.jpg 768w, https:\/\/www.irreel.ch\/blog\/wp-content\/uploads\/monotype-bois-automne_Fotor.jpg 900w\" sizes=\"auto, (max-width: 744px) 100vw, 744px\" \/><\/figure>\n","protected":false},"excerpt":{"rendered":"<p>Monotypes, myst\u00e8re des \u00e9v\u00e9nements picturaux, Magie de la d\u00e9couverte, impressions uniques, \u00e0 chaque lev\u00e9e de feuille, un myst\u00e8re de la naissance.<\/p>\n","protected":false},"author":5,"featured_media":5243,"parent":2,"menu_order":1128,"comment_status":"open","ping_status":"closed","template":"","meta":{"sfsi_plus_gutenberg_text_before_share":"","sfsi_plus_gutenberg_show_text_before_share":"","sfsi_plus_gutenberg_icon_type":"","sfsi_plus_gutenberg_icon_alignemt":"","sfsi_plus_gutenburg_max_per_row":"","_EventAllDay":false,"_EventTimezone":"","_EventStartDate":"","_EventEndDate":"","_EventStartDateUTC":"","_EventEndDateUTC":"","_EventShowMap":false,"_EventShowMapLink":false,"_EventURL":"","_EventCost":"","_EventCostDescription":"","_EventCurrencySymbol":"","_EventCurrencyCode":"","_EventCurrencyPosition":"","_EventDateTimeSeparator":"","_EventTimeRangeSeparator":"","_EventOrganizerID":[],"_EventVenueID":[],"_OrganizerEmail":"","_OrganizerPhone":"","_OrganizerWebsite":"","_VenueAddress":"","_VenueCity":"","_VenueCountry":"","_VenueProvince":"","_VenueState":"","_VenueZip":"","_VenuePhone":"","_VenueURL":"","_VenueStateProvince":"","_VenueLat":"","_VenueLng":"","_VenueShowMap":false,"_VenueShowMapLink":false,"footnotes":""},"class_list":["post-333","page","type-page","status-publish","has-post-thumbnail","hentry"],"_links":{"self":[{"href":"https:\/\/www.irreel.ch\/blog\/wp-json\/wp\/v2\/pages\/333","targetHints":{"allow":["GET"]}}],"collection":[{"href":"https:\/\/www.irreel.ch\/blog\/wp-json\/wp\/v2\/pages"}],"about":[{"href":"https:\/\/www.irreel.ch\/blog\/wp-json\/wp\/v2\/types\/page"}],"author":[{"embeddable":true,"href":"https:\/\/www.irreel.ch\/blog\/wp-json\/wp\/v2\/users\/5"}],"replies":[{"embeddable":true,"href":"https:\/\/www.irreel.ch\/blog\/wp-json\/wp\/v2\/comments?post=333"}],"version-history":[{"count":11,"href":"https:\/\/www.irreel.ch\/blog\/wp-json\/wp\/v2\/pages\/333\/revisions"}],"predecessor-version":[{"id":7166,"href":"https:\/\/www.irreel.ch\/blog\/wp-json\/wp\/v2\/pages\/333\/revisions\/7166"}],"up":[{"embeddable":true,"href":"https:\/\/www.irreel.ch\/blog\/wp-json\/wp\/v2\/pages\/2"}],"wp:featuredmedia":[{"embeddable":true,"href":"https:\/\/www.irreel.ch\/blog\/wp-json\/wp\/v2\/media\/5243"}],"wp:attachment":[{"href":"https:\/\/www.irreel.ch\/blog\/wp-json\/wp\/v2\/media?parent=333"}],"curies":[{"name":"wp","href":"https:\/\/api.w.org\/{rel}","templated":true}]}}