{"id":331,"date":"2008-12-06T08:51:33","date_gmt":"2008-12-06T06:51:33","guid":{"rendered":"http:\/\/www.irreel.org\/blog\/?page_id=331"},"modified":"2024-10-18T17:30:31","modified_gmt":"2024-10-18T15:30:31","slug":"dessins","status":"publish","type":"page","link":"https:\/\/www.irreel.ch\/blog\/peinture\/dessins\/","title":{"rendered":"Dessins"},"content":{"rendered":"\n<p>Du dessin :<\/p>\n\n\n\n<p>Ph\u00e9nom\u00e8ne de la projection et de la m\u00e9moire, l&rsquo;art de voir dans le blanc, projeter sur la feuille la perception des formes,<br>garder cet \u00e9tat dans sa vie, d\u00e9vellopper ce don de voir et de pr\u00e9voir, de structurer dans le vide l&rsquo;espace.<\/p>\n\n\n\n<p>Dessins en diverses techniques, oeuvres picturales de Daniel Thomas.<\/p>\n\n\n\n<p>Dessiner, imaginer en lignes : <\/p>\n\n\n\n<p>voir les articles \u00ab\u00a0dessin\u00a0\u00bb<\/p>\n\n\n\n<p><a href=\"https:\/\/www.irreel.ch\/blog\/sujet\/peinture\/dessin\">https:\/\/www.irreel.ch\/blog\/sujet\/peinture\/dessin<\/a><\/p>\n","protected":false},"excerpt":{"rendered":"<p>Du dessin : Ph\u00e9nom\u00e8ne de la projection et de la m\u00e9moire, l&rsquo;art de voir dans le blanc, projeter sur la feuille la perception des formes,garder cet \u00e9tat dans sa vie, d\u00e9vellopper ce don de&#46;&#46;&#46;<\/p>\n","protected":false},"author":5,"featured_media":5301,"parent":2,"menu_order":1124,"comment_status":"open","ping_status":"closed","template":"","meta":{"sfsi_plus_gutenberg_text_before_share":"","sfsi_plus_gutenberg_show_text_before_share":"","sfsi_plus_gutenberg_icon_type":"","sfsi_plus_gutenberg_icon_alignemt":"","sfsi_plus_gutenburg_max_per_row":"","_EventAllDay":false,"_EventTimezone":"","_EventStartDate":"","_EventEndDate":"","_EventStartDateUTC":"","_EventEndDateUTC":"","_EventShowMap":false,"_EventShowMapLink":false,"_EventURL":"","_EventCost":"","_EventCostDescription":"","_EventCurrencySymbol":"","_EventCurrencyCode":"","_EventCurrencyPosition":"","_EventDateTimeSeparator":"","_EventTimeRangeSeparator":"","_EventOrganizerID":[],"_EventVenueID":[],"_OrganizerEmail":"","_OrganizerPhone":"","_OrganizerWebsite":"","_VenueAddress":"","_VenueCity":"","_VenueCountry":"","_VenueProvince":"","_VenueState":"","_VenueZip":"","_VenuePhone":"","_VenueURL":"","_VenueStateProvince":"","_VenueLat":"","_VenueLng":"","_VenueShowMap":false,"_VenueShowMapLink":false,"footnotes":""},"class_list":["post-331","page","type-page","status-publish","has-post-thumbnail","hentry"],"_links":{"self":[{"href":"https:\/\/www.irreel.ch\/blog\/wp-json\/wp\/v2\/pages\/331","targetHints":{"allow":["GET"]}}],"collection":[{"href":"https:\/\/www.irreel.ch\/blog\/wp-json\/wp\/v2\/pages"}],"about":[{"href":"https:\/\/www.irreel.ch\/blog\/wp-json\/wp\/v2\/types\/page"}],"author":[{"embeddable":true,"href":"https:\/\/www.irreel.ch\/blog\/wp-json\/wp\/v2\/users\/5"}],"replies":[{"embeddable":true,"href":"https:\/\/www.irreel.ch\/blog\/wp-json\/wp\/v2\/comments?post=331"}],"version-history":[{"count":14,"href":"https:\/\/www.irreel.ch\/blog\/wp-json\/wp\/v2\/pages\/331\/revisions"}],"predecessor-version":[{"id":7163,"href":"https:\/\/www.irreel.ch\/blog\/wp-json\/wp\/v2\/pages\/331\/revisions\/7163"}],"up":[{"embeddable":true,"href":"https:\/\/www.irreel.ch\/blog\/wp-json\/wp\/v2\/pages\/2"}],"wp:featuredmedia":[{"embeddable":true,"href":"https:\/\/www.irreel.ch\/blog\/wp-json\/wp\/v2\/media\/5301"}],"wp:attachment":[{"href":"https:\/\/www.irreel.ch\/blog\/wp-json\/wp\/v2\/media?parent=331"}],"curies":[{"name":"wp","href":"https:\/\/api.w.org\/{rel}","templated":true}]}}