{"id":315,"date":"2008-12-05T23:54:01","date_gmt":"2008-12-05T21:54:01","guid":{"rendered":"http:\/\/www.irreel.org\/blog\/?page_id=315"},"modified":"2022-12-15T22:09:36","modified_gmt":"2022-12-15T21:09:36","slug":"fruits","status":"publish","type":"page","link":"https:\/\/www.irreel.ch\/blog\/jardin-2\/fruits\/","title":{"rendered":"Fruits \u00e0 croquer"},"content":{"rendered":"\n<p>Fruits comestibles de nos jardins, d\u00e9lices des jours. Photos de fruits r\u00e9colt\u00e9s dans le jardin de Daniel Thomas.<\/p>\n\n\n\n<p>Articles \u00ab\u00a0<strong>fruits \u00e0 croquer<\/strong>\u00a0\u00bb du site irreel.org class\u00e9s par ordre alphab\u00e9tique, donc par types de fruits : <\/p>\n\n\n\n<p>pour voir les derni\u00e8res parutions d&rsquo;articles \u00ab\u00a0fruits \u00e0 croquer: <a href=\"https:\/\/www.irreel.ch\/blog\/sujet\/jardin\/fruit-jardin\/\" data-type=\"URL\" data-id=\"https:\/\/www.irreel.ch\/blog\/sujet\/jardin\/fruit-jardin\/\">https:\/\/www.irreel.ch\/blog\/sujet\/jardin\/fruit-jardin\/<\/a><\/p>\n","protected":false},"excerpt":{"rendered":"<p>Fruits comestibles de nos jardins, d\u00e9lices des jours. Photos de fruits r\u00e9colt\u00e9s dans le jardin de Daniel Thomas. Articles \u00ab\u00a0fruits \u00e0 croquer\u00a0\u00bb du site irreel.org class\u00e9s par ordre alphab\u00e9tique, donc par types de fruits&#46;&#46;&#46;<\/p>\n","protected":false},"author":5,"featured_media":5192,"parent":19,"menu_order":1110,"comment_status":"open","ping_status":"closed","template":"","meta":{"sfsi_plus_gutenberg_text_before_share":"","sfsi_plus_gutenberg_show_text_before_share":"","sfsi_plus_gutenberg_icon_type":"","sfsi_plus_gutenberg_icon_alignemt":"","sfsi_plus_gutenburg_max_per_row":"","_EventAllDay":false,"_EventTimezone":"","_EventStartDate":"","_EventEndDate":"","_EventStartDateUTC":"","_EventEndDateUTC":"","_EventShowMap":false,"_EventShowMapLink":false,"_EventURL":"","_EventCost":"","_EventCostDescription":"","_EventCurrencySymbol":"","_EventCurrencyCode":"","_EventCurrencyPosition":"","_EventDateTimeSeparator":"","_EventTimeRangeSeparator":"","_EventOrganizerID":[],"_EventVenueID":[],"_OrganizerEmail":"","_OrganizerPhone":"","_OrganizerWebsite":"","_VenueAddress":"","_VenueCity":"","_VenueCountry":"","_VenueProvince":"","_VenueState":"","_VenueZip":"","_VenuePhone":"","_VenueURL":"","_VenueStateProvince":"","_VenueLat":"","_VenueLng":"","_VenueShowMap":false,"_VenueShowMapLink":false,"footnotes":""},"class_list":["post-315","page","type-page","status-publish","has-post-thumbnail","hentry"],"_links":{"self":[{"href":"https:\/\/www.irreel.ch\/blog\/wp-json\/wp\/v2\/pages\/315","targetHints":{"allow":["GET"]}}],"collection":[{"href":"https:\/\/www.irreel.ch\/blog\/wp-json\/wp\/v2\/pages"}],"about":[{"href":"https:\/\/www.irreel.ch\/blog\/wp-json\/wp\/v2\/types\/page"}],"author":[{"embeddable":true,"href":"https:\/\/www.irreel.ch\/blog\/wp-json\/wp\/v2\/users\/5"}],"replies":[{"embeddable":true,"href":"https:\/\/www.irreel.ch\/blog\/wp-json\/wp\/v2\/comments?post=315"}],"version-history":[{"count":22,"href":"https:\/\/www.irreel.ch\/blog\/wp-json\/wp\/v2\/pages\/315\/revisions"}],"predecessor-version":[{"id":6800,"href":"https:\/\/www.irreel.ch\/blog\/wp-json\/wp\/v2\/pages\/315\/revisions\/6800"}],"up":[{"embeddable":true,"href":"https:\/\/www.irreel.ch\/blog\/wp-json\/wp\/v2\/pages\/19"}],"wp:featuredmedia":[{"embeddable":true,"href":"https:\/\/www.irreel.ch\/blog\/wp-json\/wp\/v2\/media\/5192"}],"wp:attachment":[{"href":"https:\/\/www.irreel.ch\/blog\/wp-json\/wp\/v2\/media?parent=315"}],"curies":[{"name":"wp","href":"https:\/\/api.w.org\/{rel}","templated":true}]}}