{"id":305,"date":"2008-12-05T23:32:28","date_gmt":"2008-12-05T21:32:28","guid":{"rendered":"http:\/\/www.irreel.org\/blog\/?page_id=305"},"modified":"2022-12-16T05:05:47","modified_gmt":"2022-12-16T04:05:47","slug":"poemes-polyglottes","status":"publish","type":"page","link":"https:\/\/www.irreel.ch\/blog\/poesie\/poemes-polyglottes\/","title":{"rendered":"Po\u00e8mes polyglottes"},"content":{"rendered":"\n<p>Textes, essais litt\u00e9raires bilingues et id\u00e9es pour apprendre les langues.<\/p>\n\n\n\n<p>Essais polyglottes, esquisses d&rsquo;entr\u00e9e dans les langues des terriens, colorations des langues, terreau des mots, amour, croquer les mots, sons et musiques des langues, chant de la terre.<\/p>\n\n\n\n<p>les mots<\/p>\n\n\n\n<p>les mots constituent notre . . identit\u00e9<br>. . . . . le mot que tu craches<br>ou que tu dis avec un baiser,<br>. . . . . . . . . . . . . c&rsquo;est toi,<br>le mot qui prend source<br>dans la nuit ou sur l&rsquo;herbe,<br>. . . . . . . . . . . . . c&rsquo;est toi,<\/p>\n\n\n\n<p>tu es . . comme une tour<br>dont chaque pierre est un mot,<\/p>\n\n\n\n<p>Index des langues du site irreel.org, articles, essais, en diverses langues:<\/p>\n\n\n\n<p><a href=\"https:\/\/irreel.ch\/blog\/langues\/allemand\/\">allemand<\/a>,\u00a0<a href=\"https:\/\/www.irreel.ch\/blog\/langues\/anglais\/\">anglais<\/a>,\u00a0<a href=\"https:\/\/www.irreel.ch\/blog\/tag\/argot\/\">argot<\/a>,\u00a0<a href=\"https:\/\/www.irreel.ch\/blog\/tag\/bernois\/\">bernois<\/a>,\u00a0<a href=\"https:\/\/www.irreel.ch\/blog\/tag\/catalan\/\">catalan<\/a>,\u00a0<a href=\"https:\/\/www.irreel.ch\/blog\/tag\/corse\/\">corse<\/a>,\u00a0<a href=\"https:\/\/www.irreel.ch\/blog\/tag\/creole\/\">cr\u00e9ole<\/a>,\u00a0<a href=\"https:\/\/www.irreel.ch\/blog\/tag\/danois\/\">danois<\/a>,\u00a0<a href=\"https:\/\/www.irreel.ch\/blog\/langues\/espagnol\/\">espagnol<\/a>,\u00a0<a href=\"https:\/\/www.irreel.ch\/blog\/tag\/esperanto\/\">esp\u00e9ranto<\/a>,\u00a0<a href=\"https:\/\/www.irreel.ch\/blog\/tag\/finnois\/\">finnois<\/a>,\u00a0<a href=\"https:\/\/www.irreel.ch\/blog\/tag\/franco-provencal\/\">franco-proven\u00e7al<\/a>,\u00a0<a href=\"https:\/\/www.irreel.ch\/blog\/tag\/grec-ancien\/\">grec ancien<\/a>,\u00a0<a href=\"https:\/\/www.irreel.ch\/blog\/tag\/grec-moderne\/\">grec moderne<\/a>, <a href=\"https:\/\/www.irreel.ch\/blog\/langues\/hollandais\/\">hollandais<\/a>, <a href=\"https:\/\/www.irreel.ch\/blog\/langues\/italien\/\">italien<\/a>,\u00a0<a href=\"https:\/\/www.irreel.ch\/blog\/tag\/latin\/\">latin<\/a>,\u00a0<a href=\"https:\/\/www.irreel.ch\/blog\/tag\/norvegien\/\">norv\u00e9gien<\/a>,\u00a0<a href=\"https:\/\/www.irreel.ch\/blog\/tag\/polonais\/\">polonais<\/a>,\u00a0<a href=\"https:\/\/www.irreel.ch\/blog\/langues\/portugais\/\">portugais<\/a>,\u00a0<a href=\"https:\/\/www.irreel.ch\/blog\/tag\/provencal\/\">proven\u00e7al<\/a>,\u00a0<a href=\"https:\/\/www.irreel.ch\/blog\/tag\/roumain\/\">roumain<\/a>,\u00a0<a href=\"https:\/\/www.irreel.ch\/blog\/tag\/russe\/\">russe<\/a>,\u00a0<a href=\"https:\/\/www.irreel.ch\/blog\/tag\/serbocroate\/\">serbo-croate<\/a>,\u00a0<a href=\"https:\/\/www.irreel.ch\/blog\/langues\/suedois\/\">su\u00e9dois<\/a>,\u00a0<a href=\"https:\/\/www.irreel.ch\/blog\/langues\/tcheque\/\">tch\u00e8que.<\/a><\/p>\n\n\n\n<p>Articles \u00ab\u00a0essais polyglottes\u00a0\u00bb du site irreel.ch : <a href=\"https:\/\/www.irreel.ch\/blog\/sujet\/poesie\/essai-polyglotte\/\">https:\/\/www.irreel.ch\/blog\/sujet\/poesie\/essai-polyglotte\/<\/a><\/p>\n","protected":false},"excerpt":{"rendered":"<p>Textes, essais litt\u00e9raires bilingues et id\u00e9es pour apprendre les langues. Essais polyglottes, esquisses d&rsquo;entr\u00e9e dans les langues des terriens, colorations des langues, terreau des mots, amour, croquer les mots, sons et musiques des langues,&#46;&#46;&#46;<\/p>\n","protected":false},"author":5,"featured_media":5071,"parent":4,"menu_order":1108,"comment_status":"open","ping_status":"closed","template":"","meta":{"sfsi_plus_gutenberg_text_before_share":"","sfsi_plus_gutenberg_show_text_before_share":"","sfsi_plus_gutenberg_icon_type":"","sfsi_plus_gutenberg_icon_alignemt":"","sfsi_plus_gutenburg_max_per_row":"","_EventAllDay":false,"_EventTimezone":"","_EventStartDate":"","_EventEndDate":"","_EventStartDateUTC":"","_EventEndDateUTC":"","_EventShowMap":false,"_EventShowMapLink":false,"_EventURL":"","_EventCost":"","_EventCostDescription":"","_EventCurrencySymbol":"","_EventCurrencyCode":"","_EventCurrencyPosition":"","_EventDateTimeSeparator":"","_EventTimeRangeSeparator":"","_EventOrganizerID":[],"_EventVenueID":[],"_OrganizerEmail":"","_OrganizerPhone":"","_OrganizerWebsite":"","_VenueAddress":"","_VenueCity":"","_VenueCountry":"","_VenueProvince":"","_VenueState":"","_VenueZip":"","_VenuePhone":"","_VenueURL":"","_VenueStateProvince":"","_VenueLat":"","_VenueLng":"","_VenueShowMap":false,"_VenueShowMapLink":false,"footnotes":""},"class_list":["post-305","page","type-page","status-publish","has-post-thumbnail","hentry"],"_links":{"self":[{"href":"https:\/\/www.irreel.ch\/blog\/wp-json\/wp\/v2\/pages\/305","targetHints":{"allow":["GET"]}}],"collection":[{"href":"https:\/\/www.irreel.ch\/blog\/wp-json\/wp\/v2\/pages"}],"about":[{"href":"https:\/\/www.irreel.ch\/blog\/wp-json\/wp\/v2\/types\/page"}],"author":[{"embeddable":true,"href":"https:\/\/www.irreel.ch\/blog\/wp-json\/wp\/v2\/users\/5"}],"replies":[{"embeddable":true,"href":"https:\/\/www.irreel.ch\/blog\/wp-json\/wp\/v2\/comments?post=305"}],"version-history":[{"count":19,"href":"https:\/\/www.irreel.ch\/blog\/wp-json\/wp\/v2\/pages\/305\/revisions"}],"predecessor-version":[{"id":6817,"href":"https:\/\/www.irreel.ch\/blog\/wp-json\/wp\/v2\/pages\/305\/revisions\/6817"}],"up":[{"embeddable":true,"href":"https:\/\/www.irreel.ch\/blog\/wp-json\/wp\/v2\/pages\/4"}],"wp:featuredmedia":[{"embeddable":true,"href":"https:\/\/www.irreel.ch\/blog\/wp-json\/wp\/v2\/media\/5071"}],"wp:attachment":[{"href":"https:\/\/www.irreel.ch\/blog\/wp-json\/wp\/v2\/media?parent=305"}],"curies":[{"name":"wp","href":"https:\/\/api.w.org\/{rel}","templated":true}]}}