{"id":2739,"date":"2012-04-19T06:13:19","date_gmt":"2012-04-19T04:13:19","guid":{"rendered":"http:\/\/www.irreel.org\/blog\/?page_id=2739"},"modified":"2022-12-15T22:15:18","modified_gmt":"2022-12-15T21:15:18","slug":"bourgeons-de-fruits","status":"publish","type":"page","link":"https:\/\/www.irreel.ch\/blog\/jardin-2\/bourgeons-de-fruits\/","title":{"rendered":"Bourgeons de fruits"},"content":{"rendered":"\n<p>Bourgeons de fruits, de fleurs de fruits \u00e0 venir, promesses, r\u00eave printanier, petits \u00eatres d\u00e9licats et \u00e9tranges!<\/p>\n\n\n\n<p>Articles \u00ab\u00a0bourgeons de fruits\u00a0\u00bb dans le site irreel.ch: <a href=\"https:\/\/www.irreel.ch\/blog\/sujet\/jardin\/bourgeons\/\">https:\/\/www.irreel.ch\/blog\/sujet\/jardin\/bourgeons\/<\/a><\/p>\n","protected":false},"excerpt":{"rendered":"<p>Bourgeons de fruits, de fleurs de fruits \u00e0 venir, promesses, r\u00eave printanier, petits \u00eatres d\u00e9licats et \u00e9tranges! Articles \u00ab\u00a0bourgeons de fruits\u00a0\u00bb dans le site irreel.ch: https:\/\/www.irreel.ch\/blog\/sujet\/jardin\/bourgeons\/<\/p>\n","protected":false},"author":191,"featured_media":4876,"parent":19,"menu_order":1234,"comment_status":"open","ping_status":"closed","template":"","meta":{"sfsi_plus_gutenberg_text_before_share":"","sfsi_plus_gutenberg_show_text_before_share":"","sfsi_plus_gutenberg_icon_type":"","sfsi_plus_gutenberg_icon_alignemt":"","sfsi_plus_gutenburg_max_per_row":"","_EventAllDay":false,"_EventTimezone":"","_EventStartDate":"","_EventEndDate":"","_EventStartDateUTC":"","_EventEndDateUTC":"","_EventShowMap":false,"_EventShowMapLink":false,"_EventURL":"","_EventCost":"","_EventCostDescription":"","_EventCurrencySymbol":"","_EventCurrencyCode":"","_EventCurrencyPosition":"","_EventDateTimeSeparator":"","_EventTimeRangeSeparator":"","_EventOrganizerID":[],"_EventVenueID":[],"_OrganizerEmail":"","_OrganizerPhone":"","_OrganizerWebsite":"","_VenueAddress":"","_VenueCity":"","_VenueCountry":"","_VenueProvince":"","_VenueState":"","_VenueZip":"","_VenuePhone":"","_VenueURL":"","_VenueStateProvince":"","_VenueLat":"","_VenueLng":"","_VenueShowMap":false,"_VenueShowMapLink":false,"footnotes":""},"class_list":["post-2739","page","type-page","status-publish","has-post-thumbnail","hentry"],"_links":{"self":[{"href":"https:\/\/www.irreel.ch\/blog\/wp-json\/wp\/v2\/pages\/2739","targetHints":{"allow":["GET"]}}],"collection":[{"href":"https:\/\/www.irreel.ch\/blog\/wp-json\/wp\/v2\/pages"}],"about":[{"href":"https:\/\/www.irreel.ch\/blog\/wp-json\/wp\/v2\/types\/page"}],"author":[{"embeddable":true,"href":"https:\/\/www.irreel.ch\/blog\/wp-json\/wp\/v2\/users\/191"}],"replies":[{"embeddable":true,"href":"https:\/\/www.irreel.ch\/blog\/wp-json\/wp\/v2\/comments?post=2739"}],"version-history":[{"count":10,"href":"https:\/\/www.irreel.ch\/blog\/wp-json\/wp\/v2\/pages\/2739\/revisions"}],"predecessor-version":[{"id":6805,"href":"https:\/\/www.irreel.ch\/blog\/wp-json\/wp\/v2\/pages\/2739\/revisions\/6805"}],"up":[{"embeddable":true,"href":"https:\/\/www.irreel.ch\/blog\/wp-json\/wp\/v2\/pages\/19"}],"wp:featuredmedia":[{"embeddable":true,"href":"https:\/\/www.irreel.ch\/blog\/wp-json\/wp\/v2\/media\/4876"}],"wp:attachment":[{"href":"https:\/\/www.irreel.ch\/blog\/wp-json\/wp\/v2\/media?parent=2739"}],"curies":[{"name":"wp","href":"https:\/\/api.w.org\/{rel}","templated":true}]}}