{"id":2003,"date":"2011-01-05T22:49:27","date_gmt":"2011-01-05T20:49:27","guid":{"rendered":"http:\/\/www.irreel.org\/blog\/"},"modified":"2022-12-16T04:57:46","modified_gmt":"2022-12-16T03:57:46","slug":"articles","status":"publish","type":"page","link":"https:\/\/www.irreel.ch\/blog\/poesie\/articles\/","title":{"rendered":"Articles"},"content":{"rendered":"\n<p><span style=\"font-size: x-large;\">Catalogue des articles <br><\/span><span style=\"font-size: medium;\">regards<br>petites lev\u00e9es de myst\u00e8res<\/span><br><span style=\"font-size: x-small;\">droits d&rsquo;auteurs textes et images g\u00e9r\u00e9s par<\/span><span style=\"color: #999966; font-size: x-small;\"> <a href=\"http:\/\/www.prolitteris.ch\/fr\/portrait-prolitteris\/\">Pro Litteris<\/a>,<\/span><\/p>\n\n\n\n<p>Articles \u00ab\u00a0articles\u00a0\u00bb dans le site irreel.org : <a href=\"https:\/\/www.irreel.ch\/blog\/sujet\/poesie\/articles\/\">https:\/\/www.irreel.ch\/blog\/sujet\/poesie\/articles\/<\/a><\/p>\n","protected":false},"excerpt":{"rendered":"<p>Catalogue des articles regardspetites lev\u00e9es de myst\u00e8resdroits d&rsquo;auteurs textes et images g\u00e9r\u00e9s par Pro Litteris, Articles \u00ab\u00a0articles\u00a0\u00bb dans le site irreel.org : https:\/\/www.irreel.ch\/blog\/sujet\/poesie\/articles\/<\/p>\n","protected":false},"author":191,"featured_media":5042,"parent":4,"menu_order":440,"comment_status":"open","ping_status":"closed","template":"","meta":{"sfsi_plus_gutenberg_text_before_share":"","sfsi_plus_gutenberg_show_text_before_share":"","sfsi_plus_gutenberg_icon_type":"","sfsi_plus_gutenberg_icon_alignemt":"","sfsi_plus_gutenburg_max_per_row":"","_EventAllDay":false,"_EventTimezone":"","_EventStartDate":"","_EventEndDate":"","_EventStartDateUTC":"","_EventEndDateUTC":"","_EventShowMap":false,"_EventShowMapLink":false,"_EventURL":"","_EventCost":"","_EventCostDescription":"","_EventCurrencySymbol":"","_EventCurrencyCode":"","_EventCurrencyPosition":"","_EventDateTimeSeparator":"","_EventTimeRangeSeparator":"","_EventOrganizerID":[],"_EventVenueID":[],"_OrganizerEmail":"","_OrganizerPhone":"","_OrganizerWebsite":"","_VenueAddress":"","_VenueCity":"","_VenueCountry":"","_VenueProvince":"","_VenueState":"","_VenueZip":"","_VenuePhone":"","_VenueURL":"","_VenueStateProvince":"","_VenueLat":"","_VenueLng":"","_VenueShowMap":false,"_VenueShowMapLink":false,"footnotes":""},"class_list":["post-2003","page","type-page","status-publish","has-post-thumbnail","hentry"],"_links":{"self":[{"href":"https:\/\/www.irreel.ch\/blog\/wp-json\/wp\/v2\/pages\/2003","targetHints":{"allow":["GET"]}}],"collection":[{"href":"https:\/\/www.irreel.ch\/blog\/wp-json\/wp\/v2\/pages"}],"about":[{"href":"https:\/\/www.irreel.ch\/blog\/wp-json\/wp\/v2\/types\/page"}],"author":[{"embeddable":true,"href":"https:\/\/www.irreel.ch\/blog\/wp-json\/wp\/v2\/users\/191"}],"replies":[{"embeddable":true,"href":"https:\/\/www.irreel.ch\/blog\/wp-json\/wp\/v2\/comments?post=2003"}],"version-history":[{"count":12,"href":"https:\/\/www.irreel.ch\/blog\/wp-json\/wp\/v2\/pages\/2003\/revisions"}],"predecessor-version":[{"id":6814,"href":"https:\/\/www.irreel.ch\/blog\/wp-json\/wp\/v2\/pages\/2003\/revisions\/6814"}],"up":[{"embeddable":true,"href":"https:\/\/www.irreel.ch\/blog\/wp-json\/wp\/v2\/pages\/4"}],"wp:featuredmedia":[{"embeddable":true,"href":"https:\/\/www.irreel.ch\/blog\/wp-json\/wp\/v2\/media\/5042"}],"wp:attachment":[{"href":"https:\/\/www.irreel.ch\/blog\/wp-json\/wp\/v2\/media?parent=2003"}],"curies":[{"name":"wp","href":"https:\/\/api.w.org\/{rel}","templated":true}]}}