{"id":2,"date":"2008-04-21T12:46:26","date_gmt":"2008-04-21T10:46:26","guid":{"rendered":"http:\/\/www.irreel.ch\/blog\/?page_id=2"},"modified":"2024-01-22T09:42:03","modified_gmt":"2024-01-22T08:42:03","slug":"peinture","status":"publish","type":"page","link":"https:\/\/www.irreel.ch\/blog\/peinture\/","title":{"rendered":"Peinture"},"content":{"rendered":"\n<figure class=\"wp-block-image size-large\"><img loading=\"lazy\" decoding=\"async\" width=\"1024\" height=\"406\" src=\"http:\/\/www.irreel.ch\/blog\/wp-content\/uploads\/paysage-pictural-rouge-copie-1024x406.jpg\" alt=\"\" class=\"wp-image-6265\" srcset=\"https:\/\/www.irreel.ch\/blog\/wp-content\/uploads\/paysage-pictural-rouge-copie-1024x406.jpg 1024w, https:\/\/www.irreel.ch\/blog\/wp-content\/uploads\/paysage-pictural-rouge-copie-300x119.jpg 300w, https:\/\/www.irreel.ch\/blog\/wp-content\/uploads\/paysage-pictural-rouge-copie-150x59.jpg 150w, https:\/\/www.irreel.ch\/blog\/wp-content\/uploads\/paysage-pictural-rouge-copie-768x304.jpg 768w, https:\/\/www.irreel.ch\/blog\/wp-content\/uploads\/paysage-pictural-rouge-copie-1536x609.jpg 1536w, https:\/\/www.irreel.ch\/blog\/wp-content\/uploads\/paysage-pictural-rouge-copie.jpg 1562w\" sizes=\"auto, (max-width: 1024px) 100vw, 1024px\" \/><\/figure>\n\n\n\n<p>Et si le temps s&rsquo;arr\u00eatait? Bleues couleurs du ciel:<\/p>\n\n\n\n<p>Oeuvres picturales de Daniel Thomas<\/p>\n\n\n\n<p>Peinture<\/p>\n\n\n\n<p>Transmettre en images ce que l\u2019on ressent, le langage visuel: il a \u00e9tudi\u00e9 la peinture en autodidacte. Il expose des&nbsp;oeuvres picturales&nbsp;en techniques mixtes ou des monotypes, impressions color\u00e9es des jours, \u00e9voluant parall\u00e8lement \u00e0 ses compositions musicales&nbsp;: la recherche en peinture dans le monde des couleurs participe de la m\u00eame recherche en musique dans les couleurs sonores. En autres&nbsp;<a rel=\"noreferrer noopener\" href=\"http:\/\/www.irreel.org\/blog\/peinture\/expositions\/\" target=\"_blank\">expositions<\/a>, il a expos\u00e9 au Mus\u00e9e de l\u2019Estampe de l\u2019Etat de Mexico.<\/p>\n\n\n\n<p>Pages peinture:<\/p>\n\n\n\n<ul class=\"wp-block-list\"><li class=\"page_item page-item-1507\"><a href=\"http:\/\/www.irreel.ch\/blog\/peinture\/aquarelles\/\">Aquarelles<\/a><\/li><\/ul>\n\n\n\n<ul class=\"wp-block-list\"><li class=\"page_item page-item-1518\"><a href=\"http:\/\/www.irreel.ch\/blog\/peinture\/decoupages-et-collages\/\">D\u00e9coupages et collages<\/a><\/li><\/ul>\n\n\n\n<ul class=\"wp-block-list\"><li class=\"page_item page-item-331\"><a href=\"http:\/\/www.irreel.ch\/blog\/peinture\/dessins\/\">Dessins<\/a><\/li><\/ul>\n\n\n\n<ul class=\"wp-block-list\"><li class=\"page_item page-item-1433\"><a href=\"http:\/\/www.irreel.ch\/blog\/peinture\/expositions\/\">Expositions<\/a><\/li><\/ul>\n\n\n\n<ul class=\"wp-block-list\"><li class=\"page_item page-item-333\"><a href=\"http:\/\/www.irreel.ch\/blog\/peinture\/monotypes\/\">Impressions monotypes<\/a><\/li><\/ul>\n\n\n\n<ul class=\"wp-block-list\"><li class=\"page_item page-item-2893\"><a href=\"http:\/\/www.irreel.ch\/blog\/peinture\/peintures\/\">Peintures<\/a><\/li><\/ul>\n\n\n\n<ul class=\"wp-block-list\"><li class=\"page_item page-item-1673\"><a href=\"http:\/\/www.irreel.ch\/blog\/peinture\/photographies\/\">Photographies<\/a><\/li><\/ul>\n\n\n\n<figure><iframe loading=\"lazy\" style=\"border: none; overflow: hidden;\" src=\"https:\/\/www.facebook.com\/plugins\/page.php?href=https%3A%2F%2Fwww.facebook.com%2FDaniel.Thomas.Peintures%2F&amp;tabs=timeline&amp;width=600&amp;height=1400&amp;small_header=false&amp;adapt_container_width=true&amp;hide_cover=false&amp;show_facepile=false&amp;appId=341524735956895\" width=\"600\" height=\"1400\" frameborder=\"0\" scrolling=\"no\"><\/iframe><\/figure>\n","protected":false},"excerpt":{"rendered":"<p>Et si le temps s&rsquo;arr\u00eatait? Bleues couleurs du ciel: Oeuvres picturales de Daniel Thomas Peinture Transmettre en images ce que l\u2019on ressent, le langage visuel: il a \u00e9tudi\u00e9 la peinture en autodidacte. Il expose&#46;&#46;&#46;<\/p>\n","protected":false},"author":191,"featured_media":5779,"parent":0,"menu_order":500,"comment_status":"open","ping_status":"closed","template":"","meta":{"sfsi_plus_gutenberg_text_before_share":"","sfsi_plus_gutenberg_show_text_before_share":"","sfsi_plus_gutenberg_icon_type":"","sfsi_plus_gutenberg_icon_alignemt":"","sfsi_plus_gutenburg_max_per_row":"","_EventAllDay":false,"_EventTimezone":"","_EventStartDate":"","_EventEndDate":"","_EventStartDateUTC":"","_EventEndDateUTC":"","_EventShowMap":false,"_EventShowMapLink":false,"_EventURL":"","_EventCost":"","_EventCostDescription":"","_EventCurrencySymbol":"","_EventCurrencyCode":"","_EventCurrencyPosition":"","_EventDateTimeSeparator":"","_EventTimeRangeSeparator":"","_EventOrganizerID":[],"_EventVenueID":[],"_OrganizerEmail":"","_OrganizerPhone":"","_OrganizerWebsite":"","_VenueAddress":"","_VenueCity":"","_VenueCountry":"","_VenueProvince":"","_VenueState":"","_VenueZip":"","_VenuePhone":"","_VenueURL":"","_VenueStateProvince":"","_VenueLat":"","_VenueLng":"","_VenueShowMap":false,"_VenueShowMapLink":false,"footnotes":""},"class_list":["post-2","page","type-page","status-publish","has-post-thumbnail","hentry"],"_links":{"self":[{"href":"https:\/\/www.irreel.ch\/blog\/wp-json\/wp\/v2\/pages\/2","targetHints":{"allow":["GET"]}}],"collection":[{"href":"https:\/\/www.irreel.ch\/blog\/wp-json\/wp\/v2\/pages"}],"about":[{"href":"https:\/\/www.irreel.ch\/blog\/wp-json\/wp\/v2\/types\/page"}],"author":[{"embeddable":true,"href":"https:\/\/www.irreel.ch\/blog\/wp-json\/wp\/v2\/users\/191"}],"replies":[{"embeddable":true,"href":"https:\/\/www.irreel.ch\/blog\/wp-json\/wp\/v2\/comments?post=2"}],"version-history":[{"count":11,"href":"https:\/\/www.irreel.ch\/blog\/wp-json\/wp\/v2\/pages\/2\/revisions"}],"predecessor-version":[{"id":6268,"href":"https:\/\/www.irreel.ch\/blog\/wp-json\/wp\/v2\/pages\/2\/revisions\/6268"}],"wp:featuredmedia":[{"embeddable":true,"href":"https:\/\/www.irreel.ch\/blog\/wp-json\/wp\/v2\/media\/5779"}],"wp:attachment":[{"href":"https:\/\/www.irreel.ch\/blog\/wp-json\/wp\/v2\/media?parent=2"}],"curies":[{"name":"wp","href":"https:\/\/api.w.org\/{rel}","templated":true}]}}