{"id":19,"date":"2008-05-21T20:36:07","date_gmt":"2008-05-21T18:36:07","guid":{"rendered":"http:\/\/www.irreel.ch\/blog\/?page_id=19"},"modified":"2024-01-22T09:58:13","modified_gmt":"2024-01-22T08:58:13","slug":"jardin-2","status":"publish","type":"page","link":"https:\/\/www.irreel.ch\/blog\/jardin-2\/","title":{"rendered":"Jardin"},"content":{"rendered":"\n<figure class=\"wp-block-image is-resized\"><a href=\"http:\/\/www.irreel.ch\/blog\/wp-content\/uploads\/fleurs-de-pecher-1.jpg\"><img loading=\"lazy\" decoding=\"async\" width=\"600\" height=\"906\" src=\"http:\/\/www.irreel.ch\/blog\/wp-content\/uploads\/fleurs-de-pecher-1.jpg\" alt=\"\" class=\"wp-image-5011\" style=\"width:300px;height:453px\" srcset=\"https:\/\/www.irreel.ch\/blog\/wp-content\/uploads\/fleurs-de-pecher-1.jpg 600w, https:\/\/www.irreel.ch\/blog\/wp-content\/uploads\/fleurs-de-pecher-1-99x150.jpg 99w, https:\/\/www.irreel.ch\/blog\/wp-content\/uploads\/fleurs-de-pecher-1-199x300.jpg 199w\" sizes=\"auto, (max-width: 600px) 100vw, 600px\" \/><\/a><figcaption class=\"wp-element-caption\">Bonheur en son jardin<\/figcaption><\/figure>\n\n\n\n<p>Aimer les fruits, leurs saveurs, les fleurs et les feuilles des fruitiers.<br>Aimer le d\u00e9veloppement des plantes et leur charme perp\u00e9tuel, ce foisonnement de teintes et de parfums.<br>Photographies du jardin de l&rsquo;auteur, jardin aux 400 vari\u00e9t\u00e9s fruiti\u00e8res.<\/p>\n\n\n\n<p>Articles partag\u00e9es en 4 rubriques : les fruits, les fleurs, les feuilles et les bourgeons <\/p>\n\n\n\n<ul class=\"children wp-block-list\">\n<li><a href=\"https:\/\/www.irreel.ch\/blog\/jardin-2\/fruits\/\">Fruits \u00e0 croquer<\/a><\/li>\n<\/ul>\n\n\n\n<ul class=\"children wp-block-list\">\n<li><a href=\"https:\/\/www.irreel.ch\/blog\/jardin-2\/fleurs-de-fruitiers\/\" data-type=\"URL\" data-id=\"https:\/\/www.irreel.ch\/blog\/jardin-2\/fleurs-de-fruitiers\/\">Fleurs de fruitiers<\/a><\/li>\n<\/ul>\n\n\n\n<ul class=\"children wp-block-list\">\n<li><a href=\"https:\/\/www.irreel.ch\/blog\/jardin-2\/feuilles-de-fruits\/\" data-type=\"URL\" data-id=\"https:\/\/www.irreel.ch\/blog\/jardin-2\/feuilles-de-fruits\/\">Feuilles de fruits<\/a><\/li>\n<\/ul>\n\n\n\n<ul class=\"children wp-block-list\">\n<li><a href=\"https:\/\/www.irreel.ch\/blog\/jardin-2\/bourgeons-de-fruits\/\" data-type=\"URL\" data-id=\"https:\/\/www.irreel.ch\/blog\/jardin-2\/bourgeons-de-fruits\/\">Bourgeons de fruits<\/a><\/li>\n<\/ul>\n\n\n\n<p>Illustration: Fleurs de p\u00eacher<sup class='footnote'><a href='#fn-19-1' id='fnref-19-1' onclick='return fdfootnote_show(19)'>1<\/a><\/sup> au printemps, jardin de l&rsquo;auteur. Une double petite \u00e9toile rose, \u00e0 5 branches, fonc\u00e9e au milieu, la pointe en bas, et les 5 p\u00e9tales rose \u00e0 l&rsquo;ext\u00e9rieur, la pointe en haut.<\/p>\n\n\n\n<p>Articles jardin fruitiers du site irreel.ch : <a href=\"https:\/\/www.irreel.ch\/blog\/sujet\/jardin\/\">https:\/\/www.irreel.ch\/blog\/sujet\/jardin\/<\/a><\/p>\n\n\n\n<p>Nouvelles jardin fruitier sur Facebook :<\/p>\n\n\n\n<figure><iframe loading=\"lazy\" style=\"border: none; overflow: hidden;\" src=\"https:\/\/www.facebook.com\/plugins\/page.php?href=https%3A%2F%2Fwww.facebook.com%2Ffruitsjardin%2F&amp;tabs=timeline&amp;width=600&amp;height=1400&amp;small_header=false&amp;adapt_container_width=true&amp;hide_cover=false&amp;show_facepile=false&amp;appId=341524735956895\" width=\"600\" height=\"1400\" frameborder=\"0\" scrolling=\"no\"><\/iframe><\/figure>\n\n\n<div class='footnotes' id='footnotes-19'><div class='footnotedivider'><\/div><ol><li id='fn-19-1'> P\u00eache de vigne, sanguine vineuse, chair rose, Prunus persica. <span class='footnotereverse'><a href='#fnref-19-1'>&#8617;<\/a><\/span><\/li><\/ol><\/div>","protected":false},"excerpt":{"rendered":"<p>Aimer les fruits, leurs saveurs, les fleurs et les feuilles des fruitiers.Aimer le d\u00e9veloppement des plantes et leur charme perp\u00e9tuel, ce foisonnement de teintes et de parfums.Photographies du jardin de l&rsquo;auteur, jardin aux 400&#46;&#46;&#46;<\/p>\n","protected":false},"author":191,"featured_media":0,"parent":0,"menu_order":900,"comment_status":"open","ping_status":"closed","template":"","meta":{"sfsi_plus_gutenberg_text_before_share":"","sfsi_plus_gutenberg_show_text_before_share":"","sfsi_plus_gutenberg_icon_type":"","sfsi_plus_gutenberg_icon_alignemt":"","sfsi_plus_gutenburg_max_per_row":"","_EventAllDay":false,"_EventTimezone":"","_EventStartDate":"","_EventEndDate":"","_EventStartDateUTC":"","_EventEndDateUTC":"","_EventShowMap":false,"_EventShowMapLink":false,"_EventURL":"","_EventCost":"","_EventCostDescription":"","_EventCurrencySymbol":"","_EventCurrencyCode":"","_EventCurrencyPosition":"","_EventDateTimeSeparator":"","_EventTimeRangeSeparator":"","_EventOrganizerID":[],"_EventVenueID":[],"_OrganizerEmail":"","_OrganizerPhone":"","_OrganizerWebsite":"","_VenueAddress":"","_VenueCity":"","_VenueCountry":"","_VenueProvince":"","_VenueState":"","_VenueZip":"","_VenuePhone":"","_VenueURL":"","_VenueStateProvince":"","_VenueLat":"","_VenueLng":"","_VenueShowMap":false,"_VenueShowMapLink":false,"footnotes":""},"class_list":["post-19","page","type-page","status-publish","hentry"],"_links":{"self":[{"href":"https:\/\/www.irreel.ch\/blog\/wp-json\/wp\/v2\/pages\/19","targetHints":{"allow":["GET"]}}],"collection":[{"href":"https:\/\/www.irreel.ch\/blog\/wp-json\/wp\/v2\/pages"}],"about":[{"href":"https:\/\/www.irreel.ch\/blog\/wp-json\/wp\/v2\/types\/page"}],"author":[{"embeddable":true,"href":"https:\/\/www.irreel.ch\/blog\/wp-json\/wp\/v2\/users\/191"}],"replies":[{"embeddable":true,"href":"https:\/\/www.irreel.ch\/blog\/wp-json\/wp\/v2\/comments?post=19"}],"version-history":[{"count":13,"href":"https:\/\/www.irreel.ch\/blog\/wp-json\/wp\/v2\/pages\/19\/revisions"}],"predecessor-version":[{"id":7119,"href":"https:\/\/www.irreel.ch\/blog\/wp-json\/wp\/v2\/pages\/19\/revisions\/7119"}],"wp:attachment":[{"href":"https:\/\/www.irreel.ch\/blog\/wp-json\/wp\/v2\/media?parent=19"}],"curies":[{"name":"wp","href":"https:\/\/api.w.org\/{rel}","templated":true}]}}