{"id":1518,"date":"2010-12-20T14:29:13","date_gmt":"2010-12-20T12:29:13","guid":{"rendered":"http:\/\/www.irreel.org\/blog\/"},"modified":"2024-10-18T18:33:51","modified_gmt":"2024-10-18T16:33:51","slug":"decoupages-et-collages","status":"publish","type":"page","link":"https:\/\/www.irreel.ch\/blog\/peinture\/decoupages-et-collages\/","title":{"rendered":"D\u00e9coupages et collages"},"content":{"rendered":"\n<p>D\u00e9coupages et collages \/ Formes dansantes et r\u00eav\u00e9es, jeux musicaux encha\u00een\u00e9s, parlez et d\u00eetes vos envols!<\/p>\n\n\n\n<p>Voir les articles : d\u00e9coupages et collages <a href=\"https:\/\/www.irreel.ch\/blog\/sujet\/peinture\/decoupage\/\">https:\/\/www.irreel.ch\/blog\/sujet\/peinture\/decoupage\/<\/a><\/p>\n\n\n\n<figure class=\"wp-block-image size-large\"><img loading=\"lazy\" decoding=\"async\" width=\"1024\" height=\"359\" src=\"https:\/\/www.irreel.ch\/blog\/wp-content\/uploads\/collages-1024x359.jpg\" alt=\"\" class=\"wp-image-5225\" srcset=\"https:\/\/www.irreel.ch\/blog\/wp-content\/uploads\/collages-1024x359.jpg 1024w, https:\/\/www.irreel.ch\/blog\/wp-content\/uploads\/collages-150x53.jpg 150w, https:\/\/www.irreel.ch\/blog\/wp-content\/uploads\/collages-300x105.jpg 300w, https:\/\/www.irreel.ch\/blog\/wp-content\/uploads\/collages-768x269.jpg 768w, https:\/\/www.irreel.ch\/blog\/wp-content\/uploads\/collages.jpg 1200w\" sizes=\"auto, (max-width: 1024px) 100vw, 1024px\" \/><\/figure>\n","protected":false},"excerpt":{"rendered":"<p>D\u00e9coupages et collages \/ Formes dansantes et r\u00eav\u00e9es, jeux musicaux encha\u00een\u00e9s, parlez et d\u00eetes vos envols! Voir les articles : d\u00e9coupages et collages https:\/\/www.irreel.ch\/blog\/sujet\/peinture\/decoupage\/<\/p>\n","protected":false},"author":191,"featured_media":5225,"parent":2,"menu_order":662,"comment_status":"open","ping_status":"closed","template":"","meta":{"sfsi_plus_gutenberg_text_before_share":"","sfsi_plus_gutenberg_show_text_before_share":"","sfsi_plus_gutenberg_icon_type":"","sfsi_plus_gutenberg_icon_alignemt":"","sfsi_plus_gutenburg_max_per_row":"","_EventAllDay":false,"_EventTimezone":"","_EventStartDate":"","_EventEndDate":"","_EventStartDateUTC":"","_EventEndDateUTC":"","_EventShowMap":false,"_EventShowMapLink":false,"_EventURL":"","_EventCost":"","_EventCostDescription":"","_EventCurrencySymbol":"","_EventCurrencyCode":"","_EventCurrencyPosition":"","_EventDateTimeSeparator":"","_EventTimeRangeSeparator":"","_EventOrganizerID":[],"_EventVenueID":[],"_OrganizerEmail":"","_OrganizerPhone":"","_OrganizerWebsite":"","_VenueAddress":"","_VenueCity":"","_VenueCountry":"","_VenueProvince":"","_VenueState":"","_VenueZip":"","_VenuePhone":"","_VenueURL":"","_VenueStateProvince":"","_VenueLat":"","_VenueLng":"","_VenueShowMap":false,"_VenueShowMapLink":false,"footnotes":""},"class_list":["post-1518","page","type-page","status-publish","has-post-thumbnail","hentry"],"_links":{"self":[{"href":"https:\/\/www.irreel.ch\/blog\/wp-json\/wp\/v2\/pages\/1518","targetHints":{"allow":["GET"]}}],"collection":[{"href":"https:\/\/www.irreel.ch\/blog\/wp-json\/wp\/v2\/pages"}],"about":[{"href":"https:\/\/www.irreel.ch\/blog\/wp-json\/wp\/v2\/types\/page"}],"author":[{"embeddable":true,"href":"https:\/\/www.irreel.ch\/blog\/wp-json\/wp\/v2\/users\/191"}],"replies":[{"embeddable":true,"href":"https:\/\/www.irreel.ch\/blog\/wp-json\/wp\/v2\/comments?post=1518"}],"version-history":[{"count":10,"href":"https:\/\/www.irreel.ch\/blog\/wp-json\/wp\/v2\/pages\/1518\/revisions"}],"predecessor-version":[{"id":7167,"href":"https:\/\/www.irreel.ch\/blog\/wp-json\/wp\/v2\/pages\/1518\/revisions\/7167"}],"up":[{"embeddable":true,"href":"https:\/\/www.irreel.ch\/blog\/wp-json\/wp\/v2\/pages\/2"}],"wp:featuredmedia":[{"embeddable":true,"href":"https:\/\/www.irreel.ch\/blog\/wp-json\/wp\/v2\/media\/5225"}],"wp:attachment":[{"href":"https:\/\/www.irreel.ch\/blog\/wp-json\/wp\/v2\/media?parent=1518"}],"curies":[{"name":"wp","href":"https:\/\/api.w.org\/{rel}","templated":true}]}}