{"id":1376,"date":"2010-12-18T20:59:38","date_gmt":"2010-12-18T18:59:38","guid":{"rendered":"http:\/\/www.irreel.org\/blog\/"},"modified":"2022-12-15T13:43:35","modified_gmt":"2022-12-15T12:43:35","slug":"piano","status":"publish","type":"page","link":"https:\/\/www.irreel.ch\/blog\/voix\/piano\/","title":{"rendered":"Piano"},"content":{"rendered":"\n<p>Page Piano du site irreel.org:<\/p>\n\n\n\n<p>Le jeu de sons percussifs, apparaissant vite, disparaissant tranquillement, la volute de la ligne de ce son, un chant caressant et subtil, qui traverse l\u2019esprit en lui laissant des traces d\u2019un bonheur entrevu \u2026<\/p>\n\n\n\n<p>Sauts, passages, entrelacs, courses, jets de gouttes perl\u00e9es, tressauts, entre touches et touches, passages entre les au-del\u00e0!<\/p>\n\n\n\n<p>Va ton chemin de paroles enchant\u00e9es, entrecrois\u00e9es, englouties, incomprises, lointaines, impalbables! Qui comprendra ta voix myst\u00e9rieuse?<\/p>\n\n\n\n<p>Vous trouverez sur cette page:<\/p>\n\n\n\n<p><strong>L&rsquo;index des articles<\/strong> li\u00e9s au piano du site irreel.org, avec en particulier des compositions et improvisations pour le piano de Daniel Thomas: <a href=\"http:\/\/www.irreel.ch\/blog\/sujet\/musique\/piano\/\">http:\/\/www.irreel.ch\/blog\/sujet\/musique\/piano\/<\/a><\/p>\n\n\n<div id=\"pl-gb1376-69f87b79e9ab9\"  class=\"panel-layout\" ><div id=\"pg-gb1376-69f87b79e9ab9-0\"  class=\"panel-grid panel-no-style\" ><div id=\"pgc-gb1376-69f87b79e9ab9-0-0\"  class=\"panel-grid-cell\" ><div id=\"panel-gb1376-69f87b79e9ab9-0-0-0\" class=\"so-panel widget widget_nav_menu panel-first-child panel-last-child\" data-index=\"0\" ><div class=\"menu-piano-articles-container\"><ul id=\"menu-piano-articles\" class=\"menu\"><li id=\"menu-item-6472\" class=\"menu-item menu-item-type-post_type menu-item-object-post menu-item-6472\"><a href=\"https:\/\/www.irreel.ch\/blog\/piano-et-percussions-en-bateau\/\">Piano et percussions \/ En bateau<\/a><\/li>\n<li id=\"menu-item-6473\" class=\"menu-item menu-item-type-post_type menu-item-object-post menu-item-6473\"><a href=\"https:\/\/www.irreel.ch\/blog\/trio-flute-piano-percussion-passages-ailes\/\">Trio Fl\u00fbte Piano Percussion \/ Passages ail\u00e9s<\/a><\/li>\n<li id=\"menu-item-6474\" class=\"menu-item menu-item-type-post_type menu-item-object-post menu-item-6474\"><a href=\"https:\/\/www.irreel.ch\/blog\/piano-et-percussions-fantaisie-aquatique\/\">Piano et percussions \/ Fantaisie aquatique<\/a><\/li>\n<li id=\"menu-item-6482\" class=\"menu-item menu-item-type-post_type menu-item-object-post menu-item-6482\"><a href=\"https:\/\/www.irreel.ch\/blog\/regard-interieur-pour-violoncelle-et-piano\/\">Violoncelle et piano \/ Regard int\u00e9rieur<\/a><\/li>\n<li id=\"menu-item-6475\" class=\"menu-item menu-item-type-post_type menu-item-object-post menu-item-6475\"><a href=\"https:\/\/www.irreel.ch\/blog\/?p=4242\">Votre portrait musical au piano, cours actif ou passif<\/a><\/li>\n<li id=\"menu-item-6481\" class=\"menu-item menu-item-type-post_type menu-item-object-post menu-item-6481\"><a href=\"https:\/\/www.irreel.ch\/blog\/piano-variations\/\">Piano \/ Variations<\/a><\/li>\n<li id=\"menu-item-6476\" class=\"menu-item menu-item-type-post_type menu-item-object-post menu-item-6476\"><a href=\"https:\/\/www.irreel.ch\/blog\/improvisation-chant-et-piano\/\">Improvisation chant et piano<\/a><\/li>\n<li id=\"menu-item-6478\" class=\"menu-item menu-item-type-post_type menu-item-object-post menu-item-6478\"><a href=\"https:\/\/www.irreel.ch\/blog\/improvisation-piano-passages-en-tendresses\/\">Improvisation \/ Piano \/ Passages en tendresses<\/a><\/li>\n<li id=\"menu-item-6479\" class=\"menu-item menu-item-type-post_type menu-item-object-post menu-item-6479\"><a href=\"https:\/\/www.irreel.ch\/blog\/branchages-en-piano\/\">Branchages en piano<\/a><\/li>\n<li id=\"menu-item-6480\" class=\"menu-item menu-item-type-post_type menu-item-object-post menu-item-6480\"><a href=\"https:\/\/www.irreel.ch\/blog\/improvisation-piano\/\">Improvisation \/ Piano<\/a><\/li>\n<li id=\"menu-item-6483\" class=\"menu-item menu-item-type-post_type menu-item-object-post menu-item-6483\"><a href=\"https:\/\/www.irreel.ch\/blog\/le-merle-bleu-pour-guitare-et-clavecin\/\">Guitare et clavecin \/ Le merle bleu<\/a><\/li>\n<\/ul><\/div><\/div><\/div><\/div><\/div>\n\n\n<div class=\"powr-social-feed\" id=\"f55e6428_1585037748\"><\/div><script src=\"https:\/\/www.powr.io\/powr.js?platform=wordpress\"><\/script>\n\n\n\n<p><strong>Les concerts et les articles avec piano<\/strong> qui sont sur le site langages.ch (autre site du m\u00eame auteur): <a rel=\"noreferrer noopener\" aria-label=\"http:\/\/www.langages.ch\/blog\/events\/categorie\/agenda\/instrument\/piano\/ (s\u2019ouvre dans un nouvel onglet)\" href=\"http:\/\/www.langages.ch\/blog\/events\/categorie\/agenda\/instrument\/piano\/\" target=\"_blank\">http:\/\/www.langages.ch\/blog\/events\/categorie\/agenda\/instrument\/piano\/<\/a><\/p>\n\n\n\n<p><br><\/p>\n","protected":false},"excerpt":{"rendered":"<p>Page Piano du site irreel.org: Le jeu de sons percussifs, apparaissant vite, disparaissant tranquillement, la volute de la ligne de ce son, un chant caressant et subtil, qui traverse l\u2019esprit en lui laissant des&#46;&#46;&#46;<\/p>\n","protected":false},"author":191,"featured_media":0,"parent":1277,"menu_order":536,"comment_status":"open","ping_status":"closed","template":"","meta":{"sfsi_plus_gutenberg_text_before_share":"","sfsi_plus_gutenberg_show_text_before_share":"","sfsi_plus_gutenberg_icon_type":"","sfsi_plus_gutenberg_icon_alignemt":"","sfsi_plus_gutenburg_max_per_row":"","_EventAllDay":false,"_EventTimezone":"","_EventStartDate":"","_EventEndDate":"","_EventStartDateUTC":"","_EventEndDateUTC":"","_EventShowMap":false,"_EventShowMapLink":false,"_EventURL":"","_EventCost":"","_EventCostDescription":"","_EventCurrencySymbol":"","_EventCurrencyCode":"","_EventCurrencyPosition":"","_EventDateTimeSeparator":"","_EventTimeRangeSeparator":"","_EventOrganizerID":[],"_EventVenueID":[],"_OrganizerEmail":"","_OrganizerPhone":"","_OrganizerWebsite":"","_VenueAddress":"","_VenueCity":"","_VenueCountry":"","_VenueProvince":"","_VenueState":"","_VenueZip":"","_VenuePhone":"","_VenueURL":"","_VenueStateProvince":"","_VenueLat":"","_VenueLng":"","_VenueShowMap":false,"_VenueShowMapLink":false,"footnotes":""},"class_list":["post-1376","page","type-page","status-publish","hentry"],"_links":{"self":[{"href":"https:\/\/www.irreel.ch\/blog\/wp-json\/wp\/v2\/pages\/1376","targetHints":{"allow":["GET"]}}],"collection":[{"href":"https:\/\/www.irreel.ch\/blog\/wp-json\/wp\/v2\/pages"}],"about":[{"href":"https:\/\/www.irreel.ch\/blog\/wp-json\/wp\/v2\/types\/page"}],"author":[{"embeddable":true,"href":"https:\/\/www.irreel.ch\/blog\/wp-json\/wp\/v2\/users\/191"}],"replies":[{"embeddable":true,"href":"https:\/\/www.irreel.ch\/blog\/wp-json\/wp\/v2\/comments?post=1376"}],"version-history":[{"count":19,"href":"https:\/\/www.irreel.ch\/blog\/wp-json\/wp\/v2\/pages\/1376\/revisions"}],"predecessor-version":[{"id":6753,"href":"https:\/\/www.irreel.ch\/blog\/wp-json\/wp\/v2\/pages\/1376\/revisions\/6753"}],"up":[{"embeddable":true,"href":"https:\/\/www.irreel.ch\/blog\/wp-json\/wp\/v2\/pages\/1277"}],"wp:attachment":[{"href":"https:\/\/www.irreel.ch\/blog\/wp-json\/wp\/v2\/media?parent=1376"}],"curies":[{"name":"wp","href":"https:\/\/api.w.org\/{rel}","templated":true}]}}