{"id":1353,"date":"2010-12-17T12:22:38","date_gmt":"2010-12-17T10:22:38","guid":{"rendered":"http:\/\/www.irreel.org\/blog\/"},"modified":"2020-04-11T21:19:27","modified_gmt":"2020-04-11T19:19:27","slug":"flute-traversiere","status":"publish","type":"page","link":"https:\/\/www.irreel.ch\/blog\/voix\/flute-traversiere\/","title":{"rendered":"Fl\u00fbtes"},"content":{"rendered":"\n<p>Page fl\u00fbtes du site irreel.org:<br>\nVous trouverez sur cette page:<\/p>\n\n\n\n<p><strong>L&rsquo;index des articles<\/strong> li\u00e9s \u00e0 la fl\u00fbte traversi\u00e8re et aux diverses fl\u00fbtes du site irreel.org, avec en particulier des compositions pour fl\u00fbte traversi\u00e8re ou autres fl\u00fbtes de Daniel Thomas.<\/p>\n\n\n<div id=\"pl-gb1353-69e18de05b279\"  class=\"panel-layout\" ><div id=\"pg-gb1353-69e18de05b279-0\"  class=\"panel-grid panel-no-style\" ><div id=\"pgc-gb1353-69e18de05b279-0-0\"  class=\"panel-grid-cell\" ><div id=\"panel-gb1353-69e18de05b279-0-0-0\" class=\"so-panel widget widget_nav_menu panel-first-child panel-last-child\" data-index=\"0\" ><div class=\"menu-flute-articles-container\"><ul id=\"menu-flute-articles\" class=\"menu\"><li id=\"menu-item-6401\" class=\"menu-item menu-item-type-post_type menu-item-object-post menu-item-6401\"><a href=\"https:\/\/www.irreel.ch\/blog\/flutes-en-duo-paroles-non-entendues\/\">Fl\u00fbtes en duo \/ Paroles non entendues<\/a><\/li>\n<li id=\"menu-item-6402\" class=\"menu-item menu-item-type-post_type menu-item-object-post menu-item-6402\"><a href=\"https:\/\/www.irreel.ch\/blog\/flute-solo-portes-en-ciel-arc-nuees\/\">Fl\u00fbte solo \/ Portes en ciel, arc, nu\u00e9es<\/a><\/li>\n<li id=\"menu-item-6403\" class=\"menu-item menu-item-type-post_type menu-item-object-post menu-item-6403\"><a href=\"https:\/\/www.irreel.ch\/blog\/trio-flute-piano-percussion-passages-ailes\/\">Trio Fl\u00fbte Piano Percussion \/ Passages ail\u00e9s<\/a><\/li>\n<li id=\"menu-item-6404\" class=\"menu-item menu-item-type-post_type menu-item-object-post menu-item-6404\"><a href=\"https:\/\/www.irreel.ch\/blog\/flutes-en-duo-promenade-au-milieu-de-leau\/\">Fl\u00fbtes \/ Promenade au milieu de l&rsquo;eau<\/a><\/li>\n<li id=\"menu-item-6405\" class=\"menu-item menu-item-type-post_type menu-item-object-post menu-item-6405\"><a href=\"https:\/\/www.irreel.ch\/blog\/septuor-le-leman\/\">Septuor \/ Le L\u00e9man<\/a><\/li>\n<\/ul><\/div><\/div><\/div><\/div><\/div>\n\n\n<p>Articles \u00ab\u00a0fl\u00fbtes\u00a0\u00bb dans le site irreel.ch: <a href=\"http:\/\/www.irreel.ch\/blog\/sujet\/musique\/flute-traversiere\/\">http:\/\/www.irreel.ch\/blog\/sujet\/musique\/flute-traversiere\/<\/a><\/p>\n\n\n<div class='powr-rss-feed' id='b2b95916_1484240401721'><\/div>\n\n\n\n<figure><iframe loading=\"lazy\" style=\"border: none; overflow: hidden;\" src=\"https:\/\/www.facebook.com\/plugins\/page.php?href=https%3A%2F%2Fwww.facebook.com%2FDanielThomasCompositions%2F&amp;tabs=timeline&amp;width=600&amp;height=700&amp;small_header=false&amp;adapt_container_width=true&amp;hide_cover=false&amp;show_facepile=false&amp;appId=341524735956895\" width=\"600\" height=\"700\" frameborder=\"0\" scrolling=\"no\"><\/iframe><\/figure>\n","protected":false},"excerpt":{"rendered":"<p>Page fl\u00fbtes du site irreel.org: Vous trouverez sur cette page: L&rsquo;index des articles li\u00e9s \u00e0 la fl\u00fbte traversi\u00e8re et aux diverses fl\u00fbtes du site irreel.org, avec en particulier des compositions pour fl\u00fbte traversi\u00e8re ou&#46;&#46;&#46;<\/p>\n","protected":false},"author":191,"featured_media":0,"parent":1277,"menu_order":542,"comment_status":"open","ping_status":"closed","template":"","meta":{"sfsi_plus_gutenberg_text_before_share":"","sfsi_plus_gutenberg_show_text_before_share":"","sfsi_plus_gutenberg_icon_type":"","sfsi_plus_gutenberg_icon_alignemt":"","sfsi_plus_gutenburg_max_per_row":"","_EventAllDay":false,"_EventTimezone":"","_EventStartDate":"","_EventEndDate":"","_EventStartDateUTC":"","_EventEndDateUTC":"","_EventShowMap":false,"_EventShowMapLink":false,"_EventURL":"","_EventCost":"","_EventCostDescription":"","_EventCurrencySymbol":"","_EventCurrencyCode":"","_EventCurrencyPosition":"","_EventDateTimeSeparator":"","_EventTimeRangeSeparator":"","_EventOrganizerID":[],"_EventVenueID":[],"_OrganizerEmail":"","_OrganizerPhone":"","_OrganizerWebsite":"","_VenueAddress":"","_VenueCity":"","_VenueCountry":"","_VenueProvince":"","_VenueState":"","_VenueZip":"","_VenuePhone":"","_VenueURL":"","_VenueStateProvince":"","_VenueLat":"","_VenueLng":"","_VenueShowMap":false,"_VenueShowMapLink":false,"footnotes":""},"class_list":["post-1353","page","type-page","status-publish","hentry"],"_links":{"self":[{"href":"https:\/\/www.irreel.ch\/blog\/wp-json\/wp\/v2\/pages\/1353","targetHints":{"allow":["GET"]}}],"collection":[{"href":"https:\/\/www.irreel.ch\/blog\/wp-json\/wp\/v2\/pages"}],"about":[{"href":"https:\/\/www.irreel.ch\/blog\/wp-json\/wp\/v2\/types\/page"}],"author":[{"embeddable":true,"href":"https:\/\/www.irreel.ch\/blog\/wp-json\/wp\/v2\/users\/191"}],"replies":[{"embeddable":true,"href":"https:\/\/www.irreel.ch\/blog\/wp-json\/wp\/v2\/comments?post=1353"}],"version-history":[{"count":12,"href":"https:\/\/www.irreel.ch\/blog\/wp-json\/wp\/v2\/pages\/1353\/revisions"}],"predecessor-version":[{"id":6449,"href":"https:\/\/www.irreel.ch\/blog\/wp-json\/wp\/v2\/pages\/1353\/revisions\/6449"}],"up":[{"embeddable":true,"href":"https:\/\/www.irreel.ch\/blog\/wp-json\/wp\/v2\/pages\/1277"}],"wp:attachment":[{"href":"https:\/\/www.irreel.ch\/blog\/wp-json\/wp\/v2\/media?parent=1353"}],"curies":[{"name":"wp","href":"https:\/\/api.w.org\/{rel}","templated":true}]}}