{"id":1277,"date":"2010-12-16T07:02:22","date_gmt":"2010-12-16T05:02:22","guid":{"rendered":"http:\/\/www.irreel.org\/blog\/"},"modified":"2022-12-15T15:16:03","modified_gmt":"2022-12-15T14:16:03","slug":"voix","status":"publish","type":"page","link":"https:\/\/www.irreel.ch\/blog\/voix\/","title":{"rendered":"Voix"},"content":{"rendered":"\n<p>Les instruments de musique dans le site irreel.org:<br>Vous trouverez sur ces pages:<\/p>\n\n\n\n<p><strong>L&rsquo;index des articles<\/strong> li\u00e9s aux instruments de musique du site irreel.org, avec en particulier des compositions et improvisations de Daniel Thomas.<\/p>\n\n\n\n<p><strong>Les concerts<\/strong> li\u00e9s \u00e0 certains intruments, concerts qui sont sur le site langages.ch (autre site du m\u00eame auteur).<\/p>\n\n\n\n<p>Pages instruments de musique:<\/p>\n\n\n\n<ul class=\"wp-block-list\"><li><a title=\"Voix\" href=\"http:\/\/www.irreel.org\/blog\/voix\/\">Voix<\/a> <ul><li><a title=\"Carillon\" href=\"http:\/\/www.irreel.org\/blog\/voix\/carillon\/\">Carillon<\/a><\/li><li><a title=\"Guitare\" href=\"http:\/\/www.irreel.org\/blog\/voix\/guitare\/\">Guitare<\/a><\/li><li><a title=\"Cordes\" href=\"http:\/\/www.irreel.org\/blog\/voix\/violon\/\">Cordes<\/a><\/li><li><a title=\"Piano\" href=\"http:\/\/www.irreel.org\/blog\/voix\/piano\/\">Piano<\/a><\/li><li><a title=\"Orgue\" href=\"http:\/\/www.irreel.org\/blog\/voix\/orgue\/\">Orgue<\/a><\/li><li><a title=\"Clavecin\" href=\"http:\/\/www.irreel.org\/blog\/voix\/clavecin\/\">Clavecin<\/a><\/li><\/ul><ul><li><a title=\"Fl\u00fbte traversi\u00e8re\" href=\"http:\/\/www.irreel.org\/blog\/voix\/flute-traversiere\/\">Fl\u00fbte traversi\u00e8re<\/a><\/li><li><a title=\"Percussions\" href=\"http:\/\/www.irreel.org\/blog\/voix\/percussions\/\">Percussions<\/a><\/li><li><a title=\"Orchestre\" href=\"http:\/\/www.irreel.org\/blog\/voix\/orchestre\/\">Orchestre<\/a> <\/li><\/ul><\/li><\/ul>\n","protected":false},"excerpt":{"rendered":"<p>Les instruments de musique dans le site irreel.org:Vous trouverez sur ces pages: L&rsquo;index des articles li\u00e9s aux instruments de musique du site irreel.org, avec en particulier des compositions et improvisations de Daniel Thomas. Les&#46;&#46;&#46;<\/p>\n","protected":false},"author":191,"featured_media":0,"parent":0,"menu_order":332,"comment_status":"open","ping_status":"closed","template":"","meta":{"sfsi_plus_gutenberg_text_before_share":"","sfsi_plus_gutenberg_show_text_before_share":"","sfsi_plus_gutenberg_icon_type":"","sfsi_plus_gutenberg_icon_alignemt":"","sfsi_plus_gutenburg_max_per_row":"","_EventAllDay":false,"_EventTimezone":"","_EventStartDate":"","_EventEndDate":"","_EventStartDateUTC":"","_EventEndDateUTC":"","_EventShowMap":false,"_EventShowMapLink":false,"_EventURL":"","_EventCost":"","_EventCostDescription":"","_EventCurrencySymbol":"","_EventCurrencyCode":"","_EventCurrencyPosition":"","_EventDateTimeSeparator":"","_EventTimeRangeSeparator":"","_EventOrganizerID":[],"_EventVenueID":[],"_OrganizerEmail":"","_OrganizerPhone":"","_OrganizerWebsite":"","_VenueAddress":"","_VenueCity":"","_VenueCountry":"","_VenueProvince":"","_VenueState":"","_VenueZip":"","_VenuePhone":"","_VenueURL":"","_VenueStateProvince":"","_VenueLat":"","_VenueLng":"","_VenueShowMap":false,"_VenueShowMapLink":false,"footnotes":""},"class_list":["post-1277","page","type-page","status-publish","hentry"],"_links":{"self":[{"href":"https:\/\/www.irreel.ch\/blog\/wp-json\/wp\/v2\/pages\/1277","targetHints":{"allow":["GET"]}}],"collection":[{"href":"https:\/\/www.irreel.ch\/blog\/wp-json\/wp\/v2\/pages"}],"about":[{"href":"https:\/\/www.irreel.ch\/blog\/wp-json\/wp\/v2\/types\/page"}],"author":[{"embeddable":true,"href":"https:\/\/www.irreel.ch\/blog\/wp-json\/wp\/v2\/users\/191"}],"replies":[{"embeddable":true,"href":"https:\/\/www.irreel.ch\/blog\/wp-json\/wp\/v2\/comments?post=1277"}],"version-history":[{"count":8,"href":"https:\/\/www.irreel.ch\/blog\/wp-json\/wp\/v2\/pages\/1277\/revisions"}],"predecessor-version":[{"id":6504,"href":"https:\/\/www.irreel.ch\/blog\/wp-json\/wp\/v2\/pages\/1277\/revisions\/6504"}],"wp:attachment":[{"href":"https:\/\/www.irreel.ch\/blog\/wp-json\/wp\/v2\/media?parent=1277"}],"curies":[{"name":"wp","href":"https:\/\/api.w.org\/{rel}","templated":true}]}}